{"id":89,"date":"2011-09-07T05:20:11","date_gmt":"2011-09-07T02:20:11","guid":{"rendered":"http:\/\/mbf.fi:\/wordpress\/?page_id=89"},"modified":"2024-10-21T23:13:07","modified_gmt":"2024-10-21T20:13:07","slug":"framsida","status":"publish","type":"page","link":"https:\/\/old.mbf.fi\/","title":{"rendered":"MBF"},"content":{"rendered":"\n<div class=\"wp-block-columns is-layout-flex wp-container-core-columns-is-layout-9d6595d7 wp-block-columns-is-layout-flex\">\n<div class=\"wp-block-column is-layout-flow wp-block-column-is-layout-flow\" style=\"flex-basis:66.66%\">\n<figure class=\"wp-block-embed is-type-video is-provider-tiktok wp-block-embed-tiktok\"><div class=\"wp-block-embed__wrapper\">\n<blockquote class=\"tiktok-embed\" cite=\"https:\/\/www.tiktok.com\/@mbf.1969\/video\/7276102350064930081\" data-video-id=\"7276102350064930081\" data-embed-from=\"oembed\" style=\"max-width:605px; min-width:325px;\"> <section> <a target=\"_blank\" title=\"@mbf.1969\" href=\"https:\/\/www.tiktok.com\/@mbf.1969?refer=embed\">@mbf.1969<\/a> <p>MBF:n todella viralline tili SEURATKAA!\ud83c\udfd3 <a title=\"pingis\" target=\"_blank\" href=\"https:\/\/www.tiktok.com\/tag\/pingis?refer=embed\">#pingis<\/a> <a title=\"foryou\" target=\"_blank\" href=\"https:\/\/www.tiktok.com\/tag\/foryou?refer=embed\">#foryou<\/a> <a title=\"fyp\" target=\"_blank\" href=\"https:\/\/www.tiktok.com\/tag\/fyp?refer=embed\">#fyp<\/a> <a title=\"sakarifarin\" target=\"_blank\" href=\"https:\/\/www.tiktok.com\/tag\/sakarifarin?refer=embed\">#sakarifarin<\/a> <a title=\"serious\" target=\"_blank\" href=\"https:\/\/www.tiktok.com\/tag\/serious?refer=embed\">#serious<\/a> <a title=\"pingpong\" target=\"_blank\" href=\"https:\/\/www.tiktok.com\/tag\/pingpong?refer=embed\">#pingpong<\/a> <a title=\"viral\" target=\"_blank\" href=\"https:\/\/www.tiktok.com\/tag\/viral?refer=embed\">#viral<\/a> <a title=\"suomi\" target=\"_blank\" href=\"https:\/\/www.tiktok.com\/tag\/suomi?refer=embed\">#suomi<\/a> <a title=\"mbf\" target=\"_blank\" href=\"https:\/\/www.tiktok.com\/tag\/mbf?refer=embed\">#MBF<\/a> <a title=\"mbfontop\" target=\"_blank\" href=\"https:\/\/www.tiktok.com\/tag\/mbfontop?refer=embed\">#MBFontop<\/a><\/p> <a target=\"_blank\" title=\"\u266c originalljud - MBF\" href=\"https:\/\/www.tiktok.com\/music\/originalljud-7276102383120239392?refer=embed\">\u266c originalljud &#8211; MBF<\/a> <\/section> <\/blockquote> <script async src=\"https:\/\/www.tiktok.com\/embed.js\"><\/script>\n<\/div><\/figure>\n<\/div>\n\n\n\n<div class=\"wp-block-column is-layout-flow wp-block-column-is-layout-flow\" style=\"flex-basis:33.33%\">\n<p>MBF \u00e4r en pingisklubb som alltid har satsat p\u00e5 juniorpingis och har fostrat flera av Finlands b\u00e4sta juniorer. Ta <a title=\"Kontaktuppgifter\/Yhteystiedot\" href=\"http:\/\/mbf.fi\/wordpress\/?page_id=27\">kontakt<\/a> med oss eller kom till Brunak\u00e4rr eller Olympiastadion.<\/p>\n\n\n\n<p><span style=\"font-size: revert;\">\u00a0Pingisseura MBF on aina panostanut junioritoimintaan ja on kasvattanut Suomen parhaita junioripelaajia. Ota <\/span><a style=\"font-size: revert;\" title=\"Kontaktuppgifter\/Yhteystiedot\" href=\"http:\/\/mbf.fi\/wordpress\/?page_id=27\">yhteytt\u00e4<\/a><span style=\"font-size: revert;\"> tai tule Ruskeasuolle<\/span> tai Olympiastadionille.<\/p>\n\n\n\n<p>MBF is a table tennis club that has always focused on juniors and raised many of the best junior players in Finland. Please <a title=\"Kontaktuppgifter\/Yhteystiedot\" href=\"http:\/\/mbf.fi\/wordpress\/?page_id=27\">contact<\/a> us or come over to Ruskeasuo or the Olympic Stadium.<\/p>\n<\/div>\n<\/div>\n","protected":false},"excerpt":{"rendered":"<p>MBF \u00e4r en pingisklubb som alltid har satsat p\u00e5 juniorpingis och har fostrat flera av Finlands b\u00e4sta juniorer. Ta kontakt med oss eller kom till Brunak\u00e4rr eller Olympiastadion. \u00a0Pingisseura MBF on aina panostanut junioritoimintaan ja on kasvattanut Suomen parhaita junioripelaajia. Ota yhteytt\u00e4 tai tule Ruskeasuolle tai Olympiastadionille. MBF is a table tennis club that has &hellip; <\/p>\n<p><a class=\"more-link btn\" href=\"https:\/\/old.mbf.fi\/\">Continue reading<\/a><\/p>\n","protected":false},"author":2,"featured_media":0,"parent":0,"menu_order":0,"comment_status":"closed","ping_status":"closed","template":"","meta":{"footnotes":""},"class_list":["post-89","page","type-page","status-publish","hentry","nodate","item-wrap"],"_links":{"self":[{"href":"https:\/\/old.mbf.fi\/index.php?rest_route=\/wp\/v2\/pages\/89","targetHints":{"allow":["GET"]}}],"collection":[{"href":"https:\/\/old.mbf.fi\/index.php?rest_route=\/wp\/v2\/pages"}],"about":[{"href":"https:\/\/old.mbf.fi\/index.php?rest_route=\/wp\/v2\/types\/page"}],"author":[{"embeddable":true,"href":"https:\/\/old.mbf.fi\/index.php?rest_route=\/wp\/v2\/users\/2"}],"replies":[{"embeddable":true,"href":"https:\/\/old.mbf.fi\/index.php?rest_route=%2Fwp%2Fv2%2Fcomments&post=89"}],"version-history":[{"count":157,"href":"https:\/\/old.mbf.fi\/index.php?rest_route=\/wp\/v2\/pages\/89\/revisions"}],"predecessor-version":[{"id":3397,"href":"https:\/\/old.mbf.fi\/index.php?rest_route=\/wp\/v2\/pages\/89\/revisions\/3397"}],"wp:attachment":[{"href":"https:\/\/old.mbf.fi\/index.php?rest_route=%2Fwp%2Fv2%2Fmedia&parent=89"}],"curies":[{"name":"wp","href":"https:\/\/api.w.org\/{rel}","templated":true}]}}