{"id":842,"date":"2013-09-17T16:40:00","date_gmt":"2013-09-17T13:40:00","guid":{"rendered":"http:\/\/mbf.fi:\/wordpress\/?page_id=842"},"modified":"2014-08-22T09:07:50","modified_gmt":"2014-08-22T06:07:50","slug":"arf-junior-cup-2013","status":"publish","type":"page","link":"https:\/\/old.mbf.fi\/?page_id=842","title":{"rendered":"ARF Junior Cup 2013"},"content":{"rendered":"<p>[flagallery gid=24]<\/p>\n<p>&nbsp;<\/p>\n<p>H\u00e4r hittar ni resultaten fr\u00e5n <a href=\"http:\/\/mbf.fi\/wordpress\/wp-content\/uploads\/2013\/10\/ARF-Cup-2013-Tulokset-LA.xls\" target=\"_blank\">l\u00f6rdagen<\/a> och <a href=\"http:\/\/mbf.fi\/wordpress\/wp-content\/uploads\/2013\/10\/ARF-Cup-2013-Tulokset-SU.xls\" target=\"_blank\">s\u00f6ndagen<\/a>.<\/p>\n<p>T\u00e4\u00e4lt\u00e4 l\u00f6yd\u00e4tte <a href=\"http:\/\/mbf.fi\/wordpress\/wp-content\/uploads\/2013\/10\/ARF-Cup-2013-Tulokset-LA.xls\" target=\"_blank\">lauantain<\/a> ja <a href=\"http:\/\/mbf.fi\/wordpress\/wp-content\/uploads\/2013\/10\/ARF-Cup-2013-Tulokset-SU.xls\" target=\"_blank\">sunnuntain<\/a> tulokset.<\/p>\n<p>Here are the results from <a href=\"http:\/\/mbf.fi\/wordpress\/wp-content\/uploads\/2013\/10\/ARF-Cup-2013-Tulokset-LA.xls\" target=\"_blank\">Saturday<\/a> and <a href=\"http:\/\/mbf.fi\/wordpress\/wp-content\/uploads\/2013\/10\/ARF-Cup-2013-Tulokset-SU.xls\" target=\"_blank\">Sunday<\/a>.<\/p>\n<p>==========================================<\/p>\n<p><a href=\"http:\/\/mbf.fi\/wordpress\/wp-content\/uploads\/2013\/10\/ARF-Cup-2013-Arvonta_SPTL_v2.xls\">Lottningen<\/a> och <a href=\"http:\/\/mbf.fi\/wordpress\/wp-content\/uploads\/2013\/10\/ARF-Cup-2013-Aikataulu-UUSI.pdf\" target=\"_blank\">tidtabellen<\/a> till ARF Junior Cup 2013 hittar ni h\u00e4r.<\/p>\n<p>T\u00e4\u00e4lt\u00e4 l\u00f6yd\u00e4tte <a href=\"http:\/\/mbf.fi\/wordpress\/wp-content\/uploads\/2013\/10\/ARF-Cup-2013-Arvonta_SPTL_v2.xls\" target=\"_blank\">arvonnan<\/a> ja <a href=\"http:\/\/mbf.fi\/wordpress\/wp-content\/uploads\/2013\/10\/ARF-Cup-2013-Aikataulu-UUSI.pdf\" target=\"_blank\">aikataulun<\/a> ARF Junior Cupiin.<\/p>\n<p>You can find the <a href=\"http:\/\/mbf.fi\/wordpress\/wp-content\/uploads\/2013\/10\/ARF-Cup-2013-Arvonta_SPTL_v2.xls\" target=\"_blank\">draw<\/a> and <a href=\"http:\/\/mbf.fi\/wordpress\/wp-content\/uploads\/2013\/10\/ARF-Cup-2013-Aikataulu-UUSI.pdf\" target=\"_blank\">time table<\/a> for the ARF Junior Cup 2013 from here.<\/p>\n<p>==========================================<\/p>\n<p><a href=\"http:\/\/mbf.fi\/wordpress\/wp-content\/uploads\/2013\/09\/ARF-Cup-2013_kutsu.pdf\" target=\"_blank\">H\u00e4r<\/a> hittar ni inbjudan till ARF Junior Cup 26-27.10.2013.<\/p>\n<p><a href=\"http:\/\/mbf.fi\/wordpress\/wp-content\/uploads\/2013\/09\/ARF-Cup-2013_kutsu.pdf\" target=\"_blank\">T\u00e4\u00e4lt\u00e4<\/a> l\u00f6yd\u00e4t kilpailukutsun ARF Junior Cupiin 26-27.10.2013.<\/p>\n<p><a href=\"http:\/\/mbf.fi\/wordpress\/wp-content\/uploads\/2013\/09\/ARF-Cup-2013_kutsu.pdf\" target=\"_blank\">Here<\/a> you can find the invitation to the ARF Junior Cup 26-27.10.2013.<\/p>\n<p><a href=\"http:\/\/mbf.fi\/wordpress\/wp-content\/uploads\/2013\/09\/ARF-Cup-2013_kutsu.pdf\">http:\/\/mbf.fi\/wordpress\/wp-content\/uploads\/2013\/09\/ARF-Cup-2013_kutsu.pdf<\/a><\/p>\n","protected":false},"excerpt":{"rendered":"<p>[flagallery gid=24] &nbsp; H\u00e4r hittar ni resultaten fr\u00e5n l\u00f6rdagen och s\u00f6ndagen. T\u00e4\u00e4lt\u00e4 l\u00f6yd\u00e4tte lauantain ja sunnuntain tulokset. Here are the results from Saturday and Sunday. ========================================== Lottningen och tidtabellen till ARF Junior Cup 2013 hittar ni h\u00e4r. T\u00e4\u00e4lt\u00e4 l\u00f6yd\u00e4tte arvonnan ja aikataulun ARF Junior Cupiin. You can find the draw and time table for the &hellip; <\/p>\n<p><a class=\"more-link btn\" href=\"https:\/\/old.mbf.fi\/?page_id=842\">Continue reading<\/a><\/p>\n","protected":false},"author":2,"featured_media":0,"parent":253,"menu_order":96,"comment_status":"open","ping_status":"open","template":"","meta":{"footnotes":""},"class_list":["post-842","page","type-page","status-publish","hentry","nodate","item-wrap"],"_links":{"self":[{"href":"https:\/\/old.mbf.fi\/index.php?rest_route=\/wp\/v2\/pages\/842","targetHints":{"allow":["GET"]}}],"collection":[{"href":"https:\/\/old.mbf.fi\/index.php?rest_route=\/wp\/v2\/pages"}],"about":[{"href":"https:\/\/old.mbf.fi\/index.php?rest_route=\/wp\/v2\/types\/page"}],"author":[{"embeddable":true,"href":"https:\/\/old.mbf.fi\/index.php?rest_route=\/wp\/v2\/users\/2"}],"replies":[{"embeddable":true,"href":"https:\/\/old.mbf.fi\/index.php?rest_route=%2Fwp%2Fv2%2Fcomments&post=842"}],"version-history":[{"count":9,"href":"https:\/\/old.mbf.fi\/index.php?rest_route=\/wp\/v2\/pages\/842\/revisions"}],"predecessor-version":[{"id":914,"href":"https:\/\/old.mbf.fi\/index.php?rest_route=\/wp\/v2\/pages\/842\/revisions\/914"}],"up":[{"embeddable":true,"href":"https:\/\/old.mbf.fi\/index.php?rest_route=\/wp\/v2\/pages\/253"}],"wp:attachment":[{"href":"https:\/\/old.mbf.fi\/index.php?rest_route=%2Fwp%2Fv2%2Fmedia&parent=842"}],"curies":[{"name":"wp","href":"https:\/\/api.w.org\/{rel}","templated":true}]}}