{"id":505,"date":"2012-10-15T15:39:40","date_gmt":"2012-10-15T12:39:40","guid":{"rendered":"http:\/\/mbf.fi:\/wordpress\/?page_id=505"},"modified":"2013-01-29T09:50:11","modified_gmt":"2013-01-29T07:50:11","slug":"arf-junior-cup-2011","status":"publish","type":"page","link":"https:\/\/old.mbf.fi\/?page_id=505","title":{"rendered":"ARF Junior Cup 2011"},"content":{"rendered":"<h1>ARF-Cup 13.11.2011<\/h1>\n<p>Bifogat hittar ni de fulla resultaten fr\u00e5n ARF-Cupen.<\/p>\n<p>Liittest\u00e4 l\u00f6yd\u00e4tte ARF-Cupin t\u00e4ydelliset tulokset.<\/p>\n<p>Enclosed are the full results from the ARF-Cup.<\/p>\n<p><a href=\"http:\/\/mbf.fi\/wordpress\/wp-content\/uploads\/2011\/10\/ARF_Cup_2011_resultat1.xls\" target=\"_blank\" rel=\"attachment wp-att-318\">ARF-Cup 2011 \u2013 Resultat<\/a><\/p>\n<p>********************************<\/p>\n<p>Lottningen och tidtabellen f\u00f6r ARF-Cupen \u00e4r klara. Nedan finns tidtabelen och en l\u00e4nk till lottningen.<\/p>\n<p>ARF-Cupin arvonta on suoritettu. Alla on kilpailun aikataulu ja linkki arvontaan.<\/p>\n<p>The draw has been made for ARF-Cup. Below you can find the time table and a link to the draw.<\/p>\n<p>9.30\u00a0\u00a0\u00a0\u00a0\u00a0\u00a0\u00a0\u00a0 N12\/N14\/N17\u00a0 (kombinerad\/yhdistetty\/combined)<\/p>\n<p>9.30\u00a0\u00a0\u00a0\u00a0\u00a0\u00a0\u00a0\u00a0 J8, M12, R-1750 ja R-2150<\/p>\n<p>11.30\u00a0\u00a0\u00a0\u00a0\u00a0\u00a0\u00a0\u00a0 R-1950<\/p>\n<p>12.30\u00a0\u00a0\u00a0\u00a0\u00a0\u00a0\u00a0\u00a0 J10, M17<\/p>\n<p>14.00\u00a0\u00a0\u00a0\u00a0\u00a0\u00a0\u00a0\u00a0 M14, R-1000 ja R-1400<\/p>\n<p><a href=\"http:\/\/mbf.fi\/wordpress\/wp-content\/uploads\/2011\/10\/ARF_Cup_2011_arvonta.xls\" target=\"_blank\" rel=\"attachment wp-att-305\">ARF-Cup 13.11.2011 &#8211; Lottning<\/a><\/p>\n<p>********************************<\/p>\n<p>MBF arrangerar den traditionella juniorturneringen ARF-Cup i Brunak\u00e4rr 13.11.2011. Inbjudan finns bifogad.<\/p>\n<p>MBF j\u00e4rjest\u00e4\u00e4 perinteinen junioriturnaus ARF-Cup Ruskeasuolla 13.11.2011. Kutsu l\u00f6ytyy alta.<\/p>\n<p>MBF arranges the traditional junior tournament ARF-Cup in Ruskeasuo 13.11.2011. Below you can find the invitation.<\/p>\n<p><a href=\"http:\/\/mbf.fi\/wordpress\/wp-content\/uploads\/2011\/10\/ARF_20111.pdf\" target=\"_blank\" rel=\"attachment wp-att-268\">ARF-Cup 13.11.2011 &#8211; Inbjudan<\/a><\/p>\n","protected":false},"excerpt":{"rendered":"<p>ARF-Cup 13.11.2011 Bifogat hittar ni de fulla resultaten fr\u00e5n ARF-Cupen. Liittest\u00e4 l\u00f6yd\u00e4tte ARF-Cupin t\u00e4ydelliset tulokset. Enclosed are the full results from the ARF-Cup. ARF-Cup 2011 \u2013 Resultat ******************************** Lottningen och tidtabellen f\u00f6r ARF-Cupen \u00e4r klara. Nedan finns tidtabelen och en l\u00e4nk till lottningen. ARF-Cupin arvonta on suoritettu. Alla on kilpailun aikataulu ja linkki arvontaan. The &hellip; <\/p>\n<p><a class=\"more-link btn\" href=\"https:\/\/old.mbf.fi\/?page_id=505\">Continue reading<\/a><\/p>\n","protected":false},"author":2,"featured_media":0,"parent":253,"menu_order":99,"comment_status":"open","ping_status":"open","template":"","meta":{"footnotes":""},"class_list":["post-505","page","type-page","status-publish","hentry","nodate","item-wrap"],"_links":{"self":[{"href":"https:\/\/old.mbf.fi\/index.php?rest_route=\/wp\/v2\/pages\/505","targetHints":{"allow":["GET"]}}],"collection":[{"href":"https:\/\/old.mbf.fi\/index.php?rest_route=\/wp\/v2\/pages"}],"about":[{"href":"https:\/\/old.mbf.fi\/index.php?rest_route=\/wp\/v2\/types\/page"}],"author":[{"embeddable":true,"href":"https:\/\/old.mbf.fi\/index.php?rest_route=\/wp\/v2\/users\/2"}],"replies":[{"embeddable":true,"href":"https:\/\/old.mbf.fi\/index.php?rest_route=%2Fwp%2Fv2%2Fcomments&post=505"}],"version-history":[{"count":4,"href":"https:\/\/old.mbf.fi\/index.php?rest_route=\/wp\/v2\/pages\/505\/revisions"}],"predecessor-version":[{"id":630,"href":"https:\/\/old.mbf.fi\/index.php?rest_route=\/wp\/v2\/pages\/505\/revisions\/630"}],"up":[{"embeddable":true,"href":"https:\/\/old.mbf.fi\/index.php?rest_route=\/wp\/v2\/pages\/253"}],"wp:attachment":[{"href":"https:\/\/old.mbf.fi\/index.php?rest_route=%2Fwp%2Fv2%2Fmedia&parent=505"}],"curies":[{"name":"wp","href":"https:\/\/api.w.org\/{rel}","templated":true}]}}