{"id":3320,"date":"2024-08-29T00:37:19","date_gmt":"2024-08-28T21:37:19","guid":{"rendered":"https:\/\/mbf.fi\/?page_id=3320"},"modified":"2024-08-29T00:47:12","modified_gmt":"2024-08-28T21:47:12","slug":"mbf-vardegrund-arvot-values","status":"publish","type":"page","link":"https:\/\/old.mbf.fi\/?page_id=3320","title":{"rendered":"MBF &#8211; v\u00e4rdegrund \/ arvot \/ values"},"content":{"rendered":"\n<h2 class=\"wp-block-heading\">V<strong>\u00e5r v\u00e4rdegrund<\/strong><\/h2>\n\n\n\n<p>Bordtennis \u00e4r en sport d\u00e4r alla \u00e4r v\u00e4lkomna! V\u00e5r verksamhet bygger p\u00e5 spelgl\u00e4dje, fair play och m\u00e5linriktning.\u00a0<\/p>\n\n\n\n<p><strong>Spelgl\u00e4dje<\/strong><strong>&nbsp;<\/strong>\u00e4r k\u00e4rnan i v\u00e5r verksamhet. MBF str\u00e4var efter att skapa f\u00f6ruts\u00e4ttningar f\u00f6r v\u00e5ra medlemmars gl\u00e4dje, s\u00e5 att tr\u00e4ning och spel blir roligt och uppmuntrande. Spelgl\u00e4djen motiverar oss att g\u00f6ra v\u00e5rt b\u00e4sta. Den ger positiv energi som st\u00e4rker oss b\u00e5de som individer och som f\u00f6rening. Vi behandlar varandra r\u00e4ttvist och lyssnar p\u00e5 allas v\u00e4rdefulla \u00e5sikter. Tillsammans n\u00e5r vi l\u00e4ngre och skapar en uppmuntrande atmosf\u00e4r.<\/p>\n\n\n\n<p><strong>Fair play<\/strong><strong>&nbsp;<\/strong>\u00e4r k\u00e4rnan i v\u00e5ra v\u00e4rderingar. Vi fr\u00e4mjar en spelkultur d\u00e4r \u00e4rlighet, respekt och sportsmannaanda \u00e4r centrala. Vi visar respekt f\u00f6r medspelare, motst\u00e5ndare och domare. Vi skapar en atmosf\u00e4r d\u00e4r varje match \u00e4r ett tillf\u00e4lle f\u00f6r fair play, och d\u00e4r vinnare och f\u00f6rlorare \u00e4r artiga mot varandra. Vi skapar en uppmuntrande, \u00f6ppen och inkluderande milj\u00f6 d\u00e4r alla \u00e4r v\u00e4lkomna fr\u00e5n olika l\u00e4nder och kulturer. P\u00e5 detta s\u00e4tt st\u00e4rker vi banden mellan spelare, tr\u00e4nare och f\u00f6reningens medlemmar och skapar en trygg milj\u00f6 d\u00e4r alla kan utvecklas och trivas. Fair play inneb\u00e4r ocks\u00e5 att alla hj\u00e4lper till med f\u00f6reningens administration och s\u00e4rskilt med att arrangera t\u00e4vlingar och andra evenemang.<\/p>\n\n\n\n<p><strong>M\u00e5linriktning<\/strong><strong>&nbsp;<\/strong>\u00e4r v\u00e5r arbetsmetod och motivation styr oss n\u00e4r vi t\u00e4vlar, m\u00f6ter utmaningar och tillsammans v\u00e5gar testa v\u00e5ra gr\u00e4nser. Vi st\u00f6djer varandra under tr\u00e4ningar, t\u00e4vlingar och i allt f\u00f6reningsarbete. Vi s\u00e4tter upp utmanande men realistiska m\u00e5l b\u00e5de som f\u00f6rening och som spelare och arbetar systematiskt f\u00f6r att uppn\u00e5 dem. Ett starkt juniorprogram med professionella tr\u00e4nare och m\u00f6jligheten att representera MBF p\u00e5 m\u00e4sterskapsniv\u00e5 \u00e4r centrala m\u00e5l f\u00f6r oss. Tillsammans bygger vi en f\u00f6rening d\u00e4r alla uppmuntras att g\u00f6ra sitt b\u00e4sta och utvecklas b\u00e5de som spelare och som medlemmar i MBF.<strong><br><\/strong><\/p>\n\n\n\n<h2 class=\"wp-block-heading\">Arvomme<\/h2>\n\n\n\n<p>P\u00f6yt\u00e4tennis on laji, jossa kaikki ovat tervetulleita! Toimintamme perustuu peli-iloon, reiluun peliin ja tavoitteellisuuteen.<\/p>\n\n\n\n<p><strong>Peli-ilo\u00a0<\/strong>on toimintamme ydin. MBF pyrkii luomaan edellytykset j\u00e4sentemme ilolle, jotta harjoittelu ja pelaaminen olisivat hauskaa ja kannustavaa. Peli-ilo motivoi meit\u00e4 antamaan parastamme. Se antaa positiivista energiaa, joka vahvistaa meit\u00e4 sek\u00e4 yksil\u00f6in\u00e4 ett\u00e4 yhteis\u00f6n\u00e4. Kohtelemme toisiamme tasapuolisesti ja kuuntelemme kaikkien arvokkaita mielipiteit\u00e4. Yhdess\u00e4 p\u00e4\u00e4semme pitk\u00e4lle ja luomme kannustavan ilmapiirin.<\/p>\n\n\n\n<p><strong>Reilu peli\u00a0<\/strong>on arvojemme ydin. Edist\u00e4mme pelikulttuuria, jossa rehellisyys, kunnioitus ja urheiluhenki ovat keskeisi\u00e4. Osoitamme kunnioitusta kanssapelaajille, vastustajille ja tuomareille. Luomme ilmapiirin, jossa jokainen ottelu on tilaisuus reiluun peliin, ja jossa sek\u00e4 voittajat ja h\u00e4vi\u00e4j\u00e4t ovat toisilleen kohteliaita. Luomme kannustavan, avoimen ja osallistavan ymp\u00e4rist\u00f6n, jonne kaikki ovat tervetulleita eri maista ja kulttuureista. N\u00e4in vahvistamme pelaajien, valmentajien ja seuramme j\u00e4senten v\u00e4lisi\u00e4 siteit\u00e4 ja luomme turvallisen ymp\u00e4rist\u00f6n, jossa jokainen voi kehitty\u00e4 ja viihty\u00e4. Reiluun peliin kuuluu my\u00f6s, ett\u00e4 kaikki auttavat seuran hallinnoimmisessa ja erityisesti kilpailujen ja muiden tilaisuuksien j\u00e4rjest\u00e4misess\u00e4.<\/p>\n\n\n\n<p><strong>Tavoitteellisuus<\/strong><strong>&nbsp;<\/strong>on toimintatapa ja motivaatio ohjaa meit\u00e4 kun kilpailemme, kohtaamme haasteita ja yhdess\u00e4 uskallamme kokeilla rajojamme. Tuemme toisiamme harjoituksissa, kilpailuissa ja kaikessa seuratoiminnassa. Asetamme sek\u00e4 seurana ett\u00e4 pelaajina haastavia mutta realistisia tavoitteita ja ty\u00f6skentelemme j\u00e4rjestelm\u00e4llisesti niiden saavuttamiseksi. Vahva junioriohjelma ammattitaitoisten valmentajien kanssa ja mahdollisuus edustaa MBF:\u00e4\u00e4 mestaruustasolle asti ovat meille keskeisi\u00e4 tavoitteita. Yhdess\u00e4 rakennamme seuran, jossa kaikkia kannustetaan antamaan parhaansa ja kehittym\u00e4\u00e4n sek\u00e4 pelaajina ett\u00e4 MBF j\u00e4senin\u00e4.<\/p>\n\n\n\n<h2 class=\"wp-block-heading\">Our values<\/h2>\n\n\n\n<p>Table tennis is a sport where everyone is welcome! Our operations are based on the joy of playing, fair play and goal orientation.&nbsp;<\/p>\n\n\n\n<p><strong>The joy of playing&nbsp;<\/strong>is at the core of our operation. MBF strives to create the conditions for our members&#8217; elation, so that training and playing mathces become fun and encouraging. The joy of playing motivates us to do our best. It provides positive energy that strengthens us both as individuals and as an association. We treat each other fairly and listen to everyone&#8217;s valuable opinions. Together we reach further and create an encouraging atmosphere.<\/p>\n\n\n\n<p><strong>Fair play&nbsp;<\/strong>is at the core of our values. We promote a playing culture where honesty, respect and sportsmanship are central. We show respect for fellow players, opponents and referees. We create an atmosphere where every match is an opportunity for fair play, and where winners and losers are polite to each other. We create an encouraging, open and inclusive environment where everyone is welcome from different countries and cultures. In this way, we strengthen the ties between players, coaches and the association&#8217;s members and create a safe environment where everyone can develop and thrive. Fair play also means that everyone helps with the association&#8217;s administration and especially with arranging competitions and other events.<\/p>\n\n\n\n<p><strong>Goal orientation&nbsp;<\/strong>is our working method and motivation guides us when we compete, face challenges and together dare to test our limits. We support each other during training, competitions and in all association work. We set challenging but realistic goals both as an association and as players and work systematically to achieve them. A strong junior programme with professional coaches and the opportunity to represent MBF at championship level are central goals for us. Together we build an association where everyone is encouraged to do their best and develop both as players and as members of MBF.<\/p>\n","protected":false},"excerpt":{"rendered":"<p>V\u00e5r v\u00e4rdegrund Bordtennis \u00e4r en sport d\u00e4r alla \u00e4r v\u00e4lkomna! V\u00e5r verksamhet bygger p\u00e5 spelgl\u00e4dje, fair play och m\u00e5linriktning.\u00a0 Spelgl\u00e4dje&nbsp;\u00e4r k\u00e4rnan i v\u00e5r verksamhet. MBF str\u00e4var efter att skapa f\u00f6ruts\u00e4ttningar f\u00f6r v\u00e5ra medlemmars gl\u00e4dje, s\u00e5 att tr\u00e4ning och spel blir roligt och uppmuntrande. Spelgl\u00e4djen motiverar oss att g\u00f6ra v\u00e5rt b\u00e4sta. Den ger positiv energi som &hellip; <\/p>\n<p><a class=\"more-link btn\" href=\"https:\/\/old.mbf.fi\/?page_id=3320\">Continue reading<\/a><\/p>\n","protected":false},"author":8,"featured_media":0,"parent":27,"menu_order":3,"comment_status":"closed","ping_status":"closed","template":"","meta":{"footnotes":""},"class_list":["post-3320","page","type-page","status-publish","hentry","nodate","item-wrap"],"_links":{"self":[{"href":"https:\/\/old.mbf.fi\/index.php?rest_route=\/wp\/v2\/pages\/3320","targetHints":{"allow":["GET"]}}],"collection":[{"href":"https:\/\/old.mbf.fi\/index.php?rest_route=\/wp\/v2\/pages"}],"about":[{"href":"https:\/\/old.mbf.fi\/index.php?rest_route=\/wp\/v2\/types\/page"}],"author":[{"embeddable":true,"href":"https:\/\/old.mbf.fi\/index.php?rest_route=\/wp\/v2\/users\/8"}],"replies":[{"embeddable":true,"href":"https:\/\/old.mbf.fi\/index.php?rest_route=%2Fwp%2Fv2%2Fcomments&post=3320"}],"version-history":[{"count":1,"href":"https:\/\/old.mbf.fi\/index.php?rest_route=\/wp\/v2\/pages\/3320\/revisions"}],"predecessor-version":[{"id":3322,"href":"https:\/\/old.mbf.fi\/index.php?rest_route=\/wp\/v2\/pages\/3320\/revisions\/3322"}],"up":[{"embeddable":true,"href":"https:\/\/old.mbf.fi\/index.php?rest_route=\/wp\/v2\/pages\/27"}],"wp:attachment":[{"href":"https:\/\/old.mbf.fi\/index.php?rest_route=%2Fwp%2Fv2%2Fmedia&parent=3320"}],"curies":[{"name":"wp","href":"https:\/\/api.w.org\/{rel}","templated":true}]}}