{"id":2976,"date":"2024-04-02T15:48:42","date_gmt":"2024-04-02T12:48:42","guid":{"rendered":"https:\/\/mbf.fi\/?page_id=2976"},"modified":"2024-08-29T00:46:55","modified_gmt":"2024-08-28T21:46:55","slug":"mbf-foregangaren-tifg-finlands-basta-juniorklubb","status":"publish","type":"page","link":"https:\/\/old.mbf.fi\/?page_id=2976","title":{"rendered":"MBF-f\u00f6reg\u00e5ngaren TIFG: Finlands b\u00e4sta juniorklubb"},"content":{"rendered":"\n<p>Mejlans Bollf\u00f6rening grundades 1969, men hade en f\u00f6reg\u00e5ngare i TIFG&nbsp;(Tomas Idrottsf\u00f6rening Getingarna) som grundades i b\u00f6rjan av 1961 med exakt samma uppl\u00e4ggning och verksamhetsf\u00f6ruts\u00e4ttningar som sedan lade grunden till MBF. Klubbarna grundades av Dan Hedman, som arbetade som ungdomsledare p\u00e5 Tomas f\u00f6rsamling vid Mejlans kyrka. TIFG registrerades som en bordtennisf\u00f6rening i Finlands bordtennisf\u00f6rbund. Hedman var ordf\u00f6rande f\u00f6r TIFG under hela tiden fram tills f\u00f6reningen uppl\u00f6stes 1971.<\/p>\n\n\n<div class=\"wp-block-image\">\n<figure class=\"aligncenter size-large is-resized\"><img fetchpriority=\"high\" decoding=\"async\" width=\"640\" height=\"485\" src=\"https:\/\/old.mbf.fiwp-content\/uploads\/2024\/04\/TIFG-juniormastare-1-640x485.jpeg\" alt=\"\" class=\"wp-image-2977\" style=\"width:640px;height:auto\" srcset=\"https:\/\/old.mbf.fi\/wp-content\/uploads\/2024\/04\/TIFG-juniormastare-1-640x485.jpeg 640w, https:\/\/old.mbf.fi\/wp-content\/uploads\/2024\/04\/TIFG-juniormastare-1-300x227.jpeg 300w, https:\/\/old.mbf.fi\/wp-content\/uploads\/2024\/04\/TIFG-juniormastare-1-768x582.jpeg 768w, https:\/\/old.mbf.fi\/wp-content\/uploads\/2024\/04\/TIFG-juniormastare-1-1536x1163.jpeg 1536w, https:\/\/old.mbf.fi\/wp-content\/uploads\/2024\/04\/TIFG-juniormastare-1-750x568.jpeg 750w, https:\/\/old.mbf.fi\/wp-content\/uploads\/2024\/04\/TIFG-juniormastare-1.jpeg 1994w\" sizes=\"(max-width: 640px) 100vw, 640px\" \/><figcaption class=\"wp-element-caption\">Peter \u201dPede\u201d Eklund, Christer \u201dChraide\u201d Leidenius och Robert \u201dRobi\u201d \u00c5dahl var varsin Finlands m\u00e4stare i juniorer och tillsammans fyra FM guld i juniorlag under \u00e5ren 1964-67.<\/figcaption><\/figure>\n<\/div>\n\n\n<p>Spelverksamheten inleddes i tv\u00e5 rum i kyrkans k\u00e4llare med tv\u00e5 permanent uppst\u00e4llda nya bord. Utrymmet var \u00f6ppet varje vardagskv\u00e4ll. Spelandet blev snabbt popul\u00e4rt bland&nbsp;unga pojkar, fr\u00e4mst fr\u00e5n Mejlans, T\u00f6l\u00f6 och Munksn\u00e4s. Det spelades n\u00e4stan enbart set d\u00e4r vinnaren fick spela vidare och f\u00f6rloraren fick st\u00e4lla sig i k\u00f6n f\u00f6r att v\u00e4nta p\u00e5 n\u00e4sta set.<\/p>\n\n\n\n<p>En del av TIFG-medlemmarna b\u00f6rjade ganska snabbt att delta i b\u00e5de f\u00f6r- bundets och Helsingfors Bordtennisdistrikts t\u00e4vlingar. TIFG hyrde ocks\u00e5 bord i Olympiastadions pingishall d\u00e4r det fanns 12 fasta bord samt omkl\u00e4d- nings rum och dusch.<\/p>\n\n\n\n<div class=\"wp-block-columns is-layout-flex wp-container-core-columns-is-layout-9d6595d7 wp-block-columns-is-layout-flex\">\n<div class=\"wp-block-column is-layout-flow wp-block-column-is-layout-flow\">\n<figure class=\"wp-block-image size-large is-resized\"><img decoding=\"async\" width=\"640\" height=\"600\" src=\"https:\/\/old.mbf.fiwp-content\/uploads\/2024\/04\/Leidenius-Adahl-3-640x600.jpeg\" alt=\"\" class=\"wp-image-2978\" style=\"width:234px;height:auto\" srcset=\"https:\/\/old.mbf.fi\/wp-content\/uploads\/2024\/04\/Leidenius-Adahl-3-640x600.jpeg 640w, https:\/\/old.mbf.fi\/wp-content\/uploads\/2024\/04\/Leidenius-Adahl-3-300x281.jpeg 300w, https:\/\/old.mbf.fi\/wp-content\/uploads\/2024\/04\/Leidenius-Adahl-3-768x720.jpeg 768w, https:\/\/old.mbf.fi\/wp-content\/uploads\/2024\/04\/Leidenius-Adahl-3-750x703.jpeg 750w, https:\/\/old.mbf.fi\/wp-content\/uploads\/2024\/04\/Leidenius-Adahl-3.jpeg 1217w\" sizes=\"(max-width: 640px) 100vw, 640px\" \/><\/figure>\n<\/div>\n\n\n\n<div class=\"wp-block-column is-vertically-aligned-center is-layout-flow wp-block-column-is-layout-flow\">\n<p class=\"has-text-align-center has-small-font-size\">Christer \u201dChraide\u201d Leidenius  och Robert \u201dRobi\u201d \u00c5dahl <br>i Helsingfors skolidrottsm\u00e4sterskapet.<\/p>\n<\/div>\n\n\n\n<div class=\"wp-block-column is-layout-flow wp-block-column-is-layout-flow\">\n<figure class=\"wp-block-image size-large is-resized\"><img decoding=\"async\" width=\"640\" height=\"671\" src=\"https:\/\/old.mbf.fiwp-content\/uploads\/2024\/04\/Leidenius-Adahl-4-640x671.jpeg\" alt=\"\" class=\"wp-image-2979\" style=\"width:210px;height:auto\" srcset=\"https:\/\/old.mbf.fi\/wp-content\/uploads\/2024\/04\/Leidenius-Adahl-4-640x671.jpeg 640w, https:\/\/old.mbf.fi\/wp-content\/uploads\/2024\/04\/Leidenius-Adahl-4-286x300.jpeg 286w, https:\/\/old.mbf.fi\/wp-content\/uploads\/2024\/04\/Leidenius-Adahl-4-768x805.jpeg 768w, https:\/\/old.mbf.fi\/wp-content\/uploads\/2024\/04\/Leidenius-Adahl-4-750x786.jpeg 750w, https:\/\/old.mbf.fi\/wp-content\/uploads\/2024\/04\/Leidenius-Adahl-4.jpeg 1245w\" sizes=\"(max-width: 640px) 100vw, 640px\" \/><\/figure>\n<\/div>\n<\/div>\n\n\n\n<p>En del av TIFG-medlemmarna b\u00f6rjade ganska snabbt att delta i b\u00e5de f\u00f6rbundets och Helsingfors Bordtennisdistrikts t\u00e4vlingar. TIFG hyrde ocks\u00e5 bord i Olympiastadions pingishall d\u00e4r det fanns 12 fasta bord samt omkl\u00e4dningsrum och dusch.<\/p>\n\n\n\n<p>T\u00e4vlingsspelandet&nbsp;blev snabbt mycket popul\u00e4rt bland n\u00e5gra&nbsp;medlemmar: Leo Juden, Asko Sarkola, Henry Lindgren, Peter \u201dPede\u201d Eklund, Christer \u201dChraide\u201d Leidenius och Robert \u201dRobi\u201d \u00c5dahl. Dan Hedman sk\u00f6tte tackn\u00e4mligt alla formaliteter, (spelblusar med TIFG-m\u00e4rket som syddes fast p\u00e5 blusen, licenser, anm\u00e4lningar till t\u00e4vlingar, t\u00e5g\/bussresor). F\u00f6reningen b\u00f6rjade ocks\u00e5 sj\u00e4lv ordna nationella t\u00e4vlingar i Stadions pingishall fr\u00e5n och med h\u00f6sten 1963. <\/p>\n\n\n\n<p>Hedman spelade inte sj\u00e4lv bordtennis, hans hobby vara fotografering som resulterade i m\u00e5nga fotografier mest fr\u00e5n kyrkans lokaliteter. Hedman&nbsp;&nbsp;f\u00f6rverkligade sj\u00e4lv TIFG:s klubbm\u00e4rke som var gulsvart liksom en geting.<\/p>\n\n\n\n<div class=\"wp-block-media-text has-media-on-the-right is-stacked-on-mobile\"><div class=\"wp-block-media-text__content\">\n<p>TIFG var l\u00e4nge f\u00f6rbundets yngsta f\u00f6rening. De unga nya spelarna dominerade klart pojk- (14 \u00e5r) och junior- (18 \u00e5r) klasserna i Finland under hela 1960-talet. TIFG vann guld i 14-\u00e5rsklassen fyra \u00e5r i rad 1962-65 och likas\u00e5 fyra guld i 18-\u00e5rsklassen 1965-68 &#8211; f\u00f6rdelade p\u00e5 fyra olika spelare.<\/p>\n\n\n\n<p>P\u00e5 den tiden skrevs det ganska ofta om pingis i dagspressen och TIFG-ungdomarna fick en del uppm\u00e4rksamhet. Bland m\u00e5nga t\u00e4vlingsrapporter i dagspressen kan n\u00e4mnas en l\u00e5ng artikel som skrevs av signaturen MAILA (Jouko \u201dJokke\u201d Siitonen) i tidningen Sosialidemokraatti 22.9.1965.<\/p>\n\n\n\n<p>Under rubriken&nbsp;<strong>Nuoret \u201dherhil\u00e4iset\u201d p\u00f6yt\u00e4tenniksen k\u00e4rkeen<\/strong>&nbsp;ber\u00e4ttar Jokke om de unga beg\u00e5vade pingisspelarnas framg\u00e5ngar i m\u00e5nga t\u00e4vlingar.<\/p>\n\n\n\n<p>Den nya FM-lagt\u00e4vlingen hade just introducerats, i den nya serien spelade sex tremannalag. TIFG hade lyckats komma med i serien med det klart yngsta laget. Artikeln hade ett fotografi av TIFG-laget Christer Leidenius (15 \u00e5r), Robert \u00c5dahl (14 \u00e5r) och Peter Eklund (17 \u00e5r). Bildtexten avsl\u00f6jar ocks\u00e5 att alla i laget \u00e4r kortare \u00e4n 170 cm (!?).<\/p>\n<\/div><figure class=\"wp-block-media-text__media\"><img loading=\"lazy\" decoding=\"async\" width=\"406\" height=\"800\" src=\"https:\/\/old.mbf.fiwp-content\/uploads\/2024\/04\/TIFG-artikel-1-406x800.jpeg\" alt=\"\" class=\"wp-image-2980 size-full\" srcset=\"https:\/\/old.mbf.fi\/wp-content\/uploads\/2024\/04\/TIFG-artikel-1-406x800.jpeg 406w, https:\/\/old.mbf.fi\/wp-content\/uploads\/2024\/04\/TIFG-artikel-1-152x300.jpeg 152w, https:\/\/old.mbf.fi\/wp-content\/uploads\/2024\/04\/TIFG-artikel-1-768x1514.jpeg 768w, https:\/\/old.mbf.fi\/wp-content\/uploads\/2024\/04\/TIFG-artikel-1-779x1536.jpeg 779w, https:\/\/old.mbf.fi\/wp-content\/uploads\/2024\/04\/TIFG-artikel-1-1039x2048.jpeg 1039w, https:\/\/old.mbf.fi\/wp-content\/uploads\/2024\/04\/TIFG-artikel-1-750x1478.jpeg 750w, https:\/\/old.mbf.fi\/wp-content\/uploads\/2024\/04\/TIFG-artikel-1.jpeg 1235w\" sizes=\"(max-width: 406px) 100vw, 406px\" \/><\/figure><\/div>\n\n\n\n<div class=\"wp-block-media-text has-media-on-the-right is-stacked-on-mobile\"><div class=\"wp-block-media-text__content\">\n<p>TIFG spelade i m\u00e4sterskapsserien fram till 1971, d\u00e5 TIFG uppl\u00f6stes. Under denna period lyckades TIFG ta en medalj, brons \u00e5r 1970. Uppl\u00f6sningen 1971 orsakades prim\u00e4rt av Robi, som b\u00f6rjade studera i \u00c5bo Akademi h\u00f6sten 1969. Det var i praktiken inte motiverat att forts\u00e4tta spela i TIFG fr\u00e5n distans. Robi bytte till Pallo-Kotkat d\u00e4r bl.a. finska m\u00e4staren Tapio Penttil\u00e4 spelade. Christer bytte samtidigt till BK och Peter Eklund &#8211; liksom Peter \u201dRuda\u201d Eriksson &#8211; till PTU. Bland de unga i TIFG fanns d\u00e5 Martti Autio, som sedan utvecklades till storspelare p\u00e5 annat h\u00e5ll och blev finsk m\u00e4stare \u00e5r 1974. <\/p>\n<\/div><figure class=\"wp-block-media-text__media\"><img loading=\"lazy\" decoding=\"async\" width=\"640\" height=\"656\" src=\"https:\/\/old.mbf.fiwp-content\/uploads\/2024\/04\/TIFG_artikel_del_2-1-640x656.jpeg\" alt=\"\" class=\"wp-image-2981 size-full\" srcset=\"https:\/\/old.mbf.fi\/wp-content\/uploads\/2024\/04\/TIFG_artikel_del_2-1-640x656.jpeg 640w, https:\/\/old.mbf.fi\/wp-content\/uploads\/2024\/04\/TIFG_artikel_del_2-1-293x300.jpeg 293w, https:\/\/old.mbf.fi\/wp-content\/uploads\/2024\/04\/TIFG_artikel_del_2-1-768x787.jpeg 768w, https:\/\/old.mbf.fi\/wp-content\/uploads\/2024\/04\/TIFG_artikel_del_2-1-750x769.jpeg 750w, https:\/\/old.mbf.fi\/wp-content\/uploads\/2024\/04\/TIFG_artikel_del_2-1.jpeg 1225w\" sizes=\"(max-width: 640px) 100vw, 640px\" \/><\/figure><\/div>\n\n\n\n<div class=\"wp-block-media-text has-media-on-the-right is-stacked-on-mobile\"><div class=\"wp-block-media-text__content\">\n<p>Orsaken till att MBF grundades redan 1969 (d\u00e5 TIFG \u00e4nnu existerade) var att Dan Hedman ville \u00e5terg\u00e5 till det samma som en g\u00e5ng lade grunden till TIFG, dvs en ungdomsverksamhet med pingis i kyrkans lokaliteter.&nbsp;MBF hade d\u00e5 TIFG uppl\u00f6stes redan kommit i g\u00e5ng med verksamheten och en liten grupp intresserade hade hunnit b\u00f6rja med aktivt spelande ocks\u00e5 i Brunak\u00e4rr, d\u00e4r pingisen startade h\u00f6sten 1970. <\/p>\n\n\n\n<p>V\u00e5ren 1977 lyckades MBF med egna krafter ta sig upp till FM-serien&nbsp;med laget Peter Eriksson, Thomas Hallb\u00e4ck ja Anders Lundstr\u00f6m!<\/p>\n<\/div><figure class=\"wp-block-media-text__media\"><img loading=\"lazy\" decoding=\"async\" width=\"720\" height=\"1040\" src=\"https:\/\/old.mbf.fiwp-content\/uploads\/2024\/04\/MBF_Stagar_1969.jpg\" alt=\"\" class=\"wp-image-2984 size-full\" srcset=\"https:\/\/old.mbf.fi\/wp-content\/uploads\/2024\/04\/MBF_Stagar_1969.jpg 720w, https:\/\/old.mbf.fi\/wp-content\/uploads\/2024\/04\/MBF_Stagar_1969-208x300.jpg 208w, https:\/\/old.mbf.fi\/wp-content\/uploads\/2024\/04\/MBF_Stagar_1969-554x800.jpg 554w\" sizes=\"(max-width: 720px) 100vw, 720px\" \/><\/figure><\/div>\n\n\n<div class=\"wp-block-image\">\n<figure class=\"aligncenter size-large\"><img loading=\"lazy\" decoding=\"async\" width=\"640\" height=\"421\" src=\"https:\/\/old.mbf.fiwp-content\/uploads\/2024\/04\/FM_mastare_TIFG-1-640x421.png\" alt=\"\" class=\"wp-image-2982\" srcset=\"https:\/\/old.mbf.fi\/wp-content\/uploads\/2024\/04\/FM_mastare_TIFG-1-640x421.png 640w, https:\/\/old.mbf.fi\/wp-content\/uploads\/2024\/04\/FM_mastare_TIFG-1-300x197.png 300w, https:\/\/old.mbf.fi\/wp-content\/uploads\/2024\/04\/FM_mastare_TIFG-1-768x505.png 768w, https:\/\/old.mbf.fi\/wp-content\/uploads\/2024\/04\/FM_mastare_TIFG-1-750x493.png 750w, https:\/\/old.mbf.fi\/wp-content\/uploads\/2024\/04\/FM_mastare_TIFG-1.png 1350w\" sizes=\"(max-width: 640px) 100vw, 640px\" \/><\/figure>\n<\/div>\n\n\n<p>Text: Robert \u00c5dahl\/Thomas Hallb\u00e4ck<\/p>\n","protected":false},"excerpt":{"rendered":"<p>Mejlans Bollf\u00f6rening grundades 1969, men hade en f\u00f6reg\u00e5ngare i TIFG&nbsp;(Tomas Idrottsf\u00f6rening Getingarna) som grundades i b\u00f6rjan av 1961 med exakt samma uppl\u00e4ggning och verksamhetsf\u00f6ruts\u00e4ttningar som sedan lade grunden till MBF. Klubbarna grundades av Dan Hedman, som arbetade som ungdomsledare p\u00e5 Tomas f\u00f6rsamling vid Mejlans kyrka. TIFG registrerades som en bordtennisf\u00f6rening i Finlands bordtennisf\u00f6rbund. Hedman var &hellip; <\/p>\n<p><a class=\"more-link btn\" href=\"https:\/\/old.mbf.fi\/?page_id=2976\">Continue reading<\/a><\/p>\n","protected":false},"author":8,"featured_media":0,"parent":27,"menu_order":6,"comment_status":"closed","ping_status":"closed","template":"","meta":{"footnotes":""},"class_list":["post-2976","page","type-page","status-publish","hentry","nodate","item-wrap"],"_links":{"self":[{"href":"https:\/\/old.mbf.fi\/index.php?rest_route=\/wp\/v2\/pages\/2976","targetHints":{"allow":["GET"]}}],"collection":[{"href":"https:\/\/old.mbf.fi\/index.php?rest_route=\/wp\/v2\/pages"}],"about":[{"href":"https:\/\/old.mbf.fi\/index.php?rest_route=\/wp\/v2\/types\/page"}],"author":[{"embeddable":true,"href":"https:\/\/old.mbf.fi\/index.php?rest_route=\/wp\/v2\/users\/8"}],"replies":[{"embeddable":true,"href":"https:\/\/old.mbf.fi\/index.php?rest_route=%2Fwp%2Fv2%2Fcomments&post=2976"}],"version-history":[{"count":7,"href":"https:\/\/old.mbf.fi\/index.php?rest_route=\/wp\/v2\/pages\/2976\/revisions"}],"predecessor-version":[{"id":2999,"href":"https:\/\/old.mbf.fi\/index.php?rest_route=\/wp\/v2\/pages\/2976\/revisions\/2999"}],"up":[{"embeddable":true,"href":"https:\/\/old.mbf.fi\/index.php?rest_route=\/wp\/v2\/pages\/27"}],"wp:attachment":[{"href":"https:\/\/old.mbf.fi\/index.php?rest_route=%2Fwp%2Fv2%2Fmedia&parent=2976"}],"curies":[{"name":"wp","href":"https:\/\/api.w.org\/{rel}","templated":true}]}}