{"id":2524,"date":"2023-10-23T14:42:50","date_gmt":"2023-10-23T11:42:50","guid":{"rendered":"https:\/\/mbf.fi\/wordpress\/?page_id=2524"},"modified":"2023-11-20T16:19:23","modified_gmt":"2023-11-20T14:19:23","slug":"a-och-lag-fm-25-26-11-2023","status":"publish","type":"page","link":"https:\/\/old.mbf.fi\/?page_id=2524","title":{"rendered":"A- och lag-FM 25-26.11.2023"},"content":{"rendered":"\n<p>MBF arrangerar A-klass och lag-FM i bordtennis 25-26 november 2023 i Brunak\u00e4rr. P\u00e5 den h\u00e4r sidan hittar ni inbjudan, tidtabell, lottningen samt resultaten an eftersom det blir klara. V\u00e4lkomna!<\/p>\n\n\n\n<p>MBF j\u00e4rjest\u00e4\u00e4 p\u00f6yt\u00e4tenniksen A-luokan ja joukkueiden Suomen mestaruuskilpailut 25-26.11.2023 Ruskeasuolla. T\u00e4\u00e4lt\u00e4 l\u00f6yd\u00e4tte kilpailukutsun, ilmoittautuneet, arvonnat sek\u00e4 tulokset sit\u00e4 mukaan kun ne valmistuvat. Tervetuloa!<\/p>\n\n\n\n<p>MBF arranges the A-class and team Finnish table tennis championships 25-26 November 2023 in Ruskeasuo. You will find the invitation for the competition, the participants, the placements and the results as soon as they ready. Welcome!<\/p>\n\n\n\n<p><a href=\"https:\/\/old.mbf.fiwp-content\/uploads\/2023\/10\/Joukkue-ja-A-SM-2023_kutsu_NEW2.pdf\" target=\"_blank\" rel=\"noreferrer noopener\">Inbjudan \/ Kilpailukutsu \/ Invitation<\/a><\/p>\n\n\n\n<p><a href=\"https:\/\/old.mbf.fiwp-content\/uploads\/2023\/11\/Joukkue-ja-A-SM-2023-Osaanottajat_B.pdf\" target=\"_blank\" rel=\"noreferrer noopener\">Anm\u00e4lda \/ Ilmoittautuneet \/ Entries<\/a><\/p>\n\n\n\n<p><a href=\"https:\/\/old.mbf.fiwp-content\/uploads\/2023\/11\/Joukkue-ja-A-SM-2023_Arvonta_SPTL.xls\" target=\"_blank\" rel=\"noreferrer noopener\">Lottning \/ Arvonnat \/ Draw<\/a><\/p>\n\n\n\n<p><a href=\"https:\/\/old.mbf.fiwp-content\/uploads\/2023\/11\/Joukkue-ja-A-SM-2023_Aikataulu.pdf\" target=\"_blank\" rel=\"noreferrer noopener\">Tidtabell \/ Aikataulu \/ Time table<\/a><\/p>\n\n\n\n<p><\/p>\n","protected":false},"excerpt":{"rendered":"<p>MBF arrangerar A-klass och lag-FM i bordtennis 25-26 november 2023 i Brunak\u00e4rr. P\u00e5 den h\u00e4r sidan hittar ni inbjudan, tidtabell, lottningen samt resultaten an eftersom det blir klara. V\u00e4lkomna! MBF j\u00e4rjest\u00e4\u00e4 p\u00f6yt\u00e4tenniksen A-luokan ja joukkueiden Suomen mestaruuskilpailut 25-26.11.2023 Ruskeasuolla. T\u00e4\u00e4lt\u00e4 l\u00f6yd\u00e4tte kilpailukutsun, ilmoittautuneet, arvonnat sek\u00e4 tulokset sit\u00e4 mukaan kun ne valmistuvat. Tervetuloa! MBF arranges the &hellip; <\/p>\n<p><a class=\"more-link btn\" href=\"https:\/\/old.mbf.fi\/?page_id=2524\">Continue reading<\/a><\/p>\n","protected":false},"author":2,"featured_media":0,"parent":253,"menu_order":76,"comment_status":"closed","ping_status":"closed","template":"","meta":{"footnotes":""},"class_list":["post-2524","page","type-page","status-publish","hentry","nodate","item-wrap"],"_links":{"self":[{"href":"https:\/\/old.mbf.fi\/index.php?rest_route=\/wp\/v2\/pages\/2524","targetHints":{"allow":["GET"]}}],"collection":[{"href":"https:\/\/old.mbf.fi\/index.php?rest_route=\/wp\/v2\/pages"}],"about":[{"href":"https:\/\/old.mbf.fi\/index.php?rest_route=\/wp\/v2\/types\/page"}],"author":[{"embeddable":true,"href":"https:\/\/old.mbf.fi\/index.php?rest_route=\/wp\/v2\/users\/2"}],"replies":[{"embeddable":true,"href":"https:\/\/old.mbf.fi\/index.php?rest_route=%2Fwp%2Fv2%2Fcomments&post=2524"}],"version-history":[{"count":8,"href":"https:\/\/old.mbf.fi\/index.php?rest_route=\/wp\/v2\/pages\/2524\/revisions"}],"predecessor-version":[{"id":2612,"href":"https:\/\/old.mbf.fi\/index.php?rest_route=\/wp\/v2\/pages\/2524\/revisions\/2612"}],"up":[{"embeddable":true,"href":"https:\/\/old.mbf.fi\/index.php?rest_route=\/wp\/v2\/pages\/253"}],"wp:attachment":[{"href":"https:\/\/old.mbf.fi\/index.php?rest_route=%2Fwp%2Fv2%2Fmedia&parent=2524"}],"curies":[{"name":"wp","href":"https:\/\/api.w.org\/{rel}","templated":true}]}}