{"id":2507,"date":"2023-10-22T00:08:59","date_gmt":"2023-10-21T21:08:59","guid":{"rendered":"https:\/\/mbf.fi\/wordpress\/?page_id=2507"},"modified":"2023-10-22T00:11:26","modified_gmt":"2023-10-21T21:11:26","slug":"presentation-av-mbf","status":"publish","type":"page","link":"https:\/\/old.mbf.fi\/?page_id=2507","title":{"rendered":"Presentation av MBF"},"content":{"rendered":"\n<p>MBF \u00e4r en pingisklubb som alltid har satsat p\u00e5 juniorpingis och har fostrat flera av Finlands b\u00e4sta juniorer. Ta <a href=\"http:\/\/mbf.fi\/wordpress\/?page_id=27\">kontakt<\/a> med oss eller kom till Brunak\u00e4rr till n\u00e5gon av v\u00e5ra tr\u00e4ningar ifall du \u00e4r intresserad av att b\u00f6rja spela.<\/p>\n\n\n\n<p>&nbsp;Pingisseura MBF on aina panostanut junioritoimintaan ja on kasvattanut Suomen parhaita junioripelaajia. Ota <a href=\"http:\/\/mbf.fi\/wordpress\/?page_id=27\">yhteytt\u00e4<\/a> tai tule Ruskeasuolle harjoituksiin jos pingiksen pelaaminen MBF:ss\u00e4 kiinnostaa.<\/p>\n\n\n\n<p>MBF is a table tennis club that has always focused on juniors and raised many of the best junior players in Finland. Please <a href=\"http:\/\/mbf.fi\/wordpress\/?page_id=27\">contact<\/a> us or come over to Ruskeasuo if you are interested in starting to play table tennis.<\/p>\n","protected":false},"excerpt":{"rendered":"<p>MBF \u00e4r en pingisklubb som alltid har satsat p\u00e5 juniorpingis och har fostrat flera av Finlands b\u00e4sta juniorer. Ta kontakt med oss eller kom till Brunak\u00e4rr till n\u00e5gon av v\u00e5ra tr\u00e4ningar ifall du \u00e4r intresserad av att b\u00f6rja spela. &nbsp;Pingisseura MBF on aina panostanut junioritoimintaan ja on kasvattanut Suomen parhaita junioripelaajia. Ota yhteytt\u00e4 tai tule &hellip; <\/p>\n<p><a class=\"more-link btn\" href=\"https:\/\/old.mbf.fi\/?page_id=2507\">Continue reading<\/a><\/p>\n","protected":false},"author":13,"featured_media":0,"parent":0,"menu_order":0,"comment_status":"closed","ping_status":"closed","template":"","meta":{"footnotes":""},"class_list":["post-2507","page","type-page","status-publish","hentry","nodate","item-wrap"],"_links":{"self":[{"href":"https:\/\/old.mbf.fi\/index.php?rest_route=\/wp\/v2\/pages\/2507","targetHints":{"allow":["GET"]}}],"collection":[{"href":"https:\/\/old.mbf.fi\/index.php?rest_route=\/wp\/v2\/pages"}],"about":[{"href":"https:\/\/old.mbf.fi\/index.php?rest_route=\/wp\/v2\/types\/page"}],"author":[{"embeddable":true,"href":"https:\/\/old.mbf.fi\/index.php?rest_route=\/wp\/v2\/users\/13"}],"replies":[{"embeddable":true,"href":"https:\/\/old.mbf.fi\/index.php?rest_route=%2Fwp%2Fv2%2Fcomments&post=2507"}],"version-history":[{"count":3,"href":"https:\/\/old.mbf.fi\/index.php?rest_route=\/wp\/v2\/pages\/2507\/revisions"}],"predecessor-version":[{"id":2538,"href":"https:\/\/old.mbf.fi\/index.php?rest_route=\/wp\/v2\/pages\/2507\/revisions\/2538"}],"wp:attachment":[{"href":"https:\/\/old.mbf.fi\/index.php?rest_route=%2Fwp%2Fv2%2Fmedia&parent=2507"}],"curies":[{"name":"wp","href":"https:\/\/api.w.org\/{rel}","templated":true}]}}