{"id":2321,"date":"2023-09-14T01:01:39","date_gmt":"2023-09-13T22:01:39","guid":{"rendered":"https:\/\/mbf.fi\/wordpress\/?page_id=2321"},"modified":"2025-01-22T02:11:25","modified_gmt":"2025-01-22T00:11:25","slug":"fria-traningstider-vapaat-harjoitusajat-free-practice","status":"publish","type":"page","link":"https:\/\/old.mbf.fi\/?page_id=2321","title":{"rendered":"Tr\u00e4ningstider \/ Harjoitusajat \/ Practice times"},"content":{"rendered":"\n<h4 class=\"wp-block-heading\">MBF:s spelare kan tr\u00e4na enligt denna bordkarta.<\/h4>\n\n\n\n<h4 class=\"wp-block-heading\">MBF:n pelaajat voivat harjoitella  t\u00e4m\u00e4n p\u00f6yt\u00e4kartan&nbsp; mukaisesti.<\/h4>\n\n\n\n<h4 class=\"wp-block-heading\">MBF&#8217;s players can practice according to the following table plan.<\/h4>\n\n\n\n<p>Du kan tr\u00e4na i Brunak\u00e4rr under andra tider men bord har inte reserverats speciellt f\u00f6r MBF.<\/p>\n\n\n\n<p>Ruskeasuolla voi harjoitella muina aikoina mutta p\u00f6yti\u00e4 ei ole varattu erityisesti MBF:lle.<\/p>\n\n\n\n<p>You can practice also at other times in Ruskeasuo but the tables are not reserved specifically for MBF.<\/p>\n\n\n\n<figure class=\"wp-block-image size-large is-resized\"><img fetchpriority=\"high\" decoding=\"async\" width=\"640\" height=\"686\" src=\"https:\/\/old.mbf.fiwp-content\/uploads\/2025\/01\/MBF_bordkarta_var_2025-640x686.png\" alt=\"\" class=\"wp-image-3608\" style=\"width:750px;height:auto\" srcset=\"https:\/\/old.mbf.fi\/wp-content\/uploads\/2025\/01\/MBF_bordkarta_var_2025-640x686.png 640w, https:\/\/old.mbf.fi\/wp-content\/uploads\/2025\/01\/MBF_bordkarta_var_2025-280x300.png 280w, https:\/\/old.mbf.fi\/wp-content\/uploads\/2025\/01\/MBF_bordkarta_var_2025-768x824.png 768w, https:\/\/old.mbf.fi\/wp-content\/uploads\/2025\/01\/MBF_bordkarta_var_2025-750x804.png 750w, https:\/\/old.mbf.fi\/wp-content\/uploads\/2025\/01\/MBF_bordkarta_var_2025.png 992w\" sizes=\"(max-width: 640px) 100vw, 640px\" \/><\/figure>\n","protected":false},"excerpt":{"rendered":"<p>MBF:s spelare kan tr\u00e4na enligt denna bordkarta. MBF:n pelaajat voivat harjoitella t\u00e4m\u00e4n p\u00f6yt\u00e4kartan&nbsp; mukaisesti. MBF&#8217;s players can practice according to the following table plan. Du kan tr\u00e4na i Brunak\u00e4rr under andra tider men bord har inte reserverats speciellt f\u00f6r MBF. Ruskeasuolla voi harjoitella muina aikoina mutta p\u00f6yti\u00e4 ei ole varattu erityisesti MBF:lle. You can practice &hellip; <\/p>\n<p><a class=\"more-link btn\" href=\"https:\/\/old.mbf.fi\/?page_id=2321\">Continue reading<\/a><\/p>\n","protected":false},"author":8,"featured_media":0,"parent":181,"menu_order":9,"comment_status":"closed","ping_status":"closed","template":"","meta":{"footnotes":""},"class_list":["post-2321","page","type-page","status-publish","hentry","nodate","item-wrap"],"_links":{"self":[{"href":"https:\/\/old.mbf.fi\/index.php?rest_route=\/wp\/v2\/pages\/2321","targetHints":{"allow":["GET"]}}],"collection":[{"href":"https:\/\/old.mbf.fi\/index.php?rest_route=\/wp\/v2\/pages"}],"about":[{"href":"https:\/\/old.mbf.fi\/index.php?rest_route=\/wp\/v2\/types\/page"}],"author":[{"embeddable":true,"href":"https:\/\/old.mbf.fi\/index.php?rest_route=\/wp\/v2\/users\/8"}],"replies":[{"embeddable":true,"href":"https:\/\/old.mbf.fi\/index.php?rest_route=%2Fwp%2Fv2%2Fcomments&post=2321"}],"version-history":[{"count":7,"href":"https:\/\/old.mbf.fi\/index.php?rest_route=\/wp\/v2\/pages\/2321\/revisions"}],"predecessor-version":[{"id":3609,"href":"https:\/\/old.mbf.fi\/index.php?rest_route=\/wp\/v2\/pages\/2321\/revisions\/3609"}],"up":[{"embeddable":true,"href":"https:\/\/old.mbf.fi\/index.php?rest_route=\/wp\/v2\/pages\/181"}],"wp:attachment":[{"href":"https:\/\/old.mbf.fi\/index.php?rest_route=%2Fwp%2Fv2%2Fmedia&parent=2321"}],"curies":[{"name":"wp","href":"https:\/\/api.w.org\/{rel}","templated":true}]}}