{"id":1983,"date":"2023-04-28T23:59:23","date_gmt":"2023-04-28T20:59:23","guid":{"rendered":"https:\/\/mbf.fi\/wordpress\/?page_id=1983"},"modified":"2023-04-29T00:00:35","modified_gmt":"2023-04-28T21:00:35","slug":"arf-cup-2023","status":"publish","type":"page","link":"https:\/\/old.mbf.fi\/?page_id=1983","title":{"rendered":"ARF Cup 2023"},"content":{"rendered":"\n<p> V\u00e4lkomna till MBF:s traditionella ARF Cup 13-14.5.2023! Vi b\u00f6rjar b\u00e5da dagarna klockan 10:00.<\/p>\n\n\n\n<p>Tervetuloa MBF:n perinteiseen ARF Cupiin 13-14.1.2023! Kilpailut alkavat kello 10:00 molempina p\u00e4ivin\u00e4.<\/p>\n\n\n\n<p>Welcome to the traditional ARF Cup January 13th &#8211; 14th 2023! The competition starts at 10:00 both days.<\/p>\n\n\n\n<p><a href=\"https:\/\/old.mbf.fiwp-content\/uploads\/2023\/04\/ARF-CUP-2023_Kilpailukutsu.pdf\" target=\"_blank\" rel=\"noreferrer noopener\">Inbjudan \/ Kutsu \/ Invitation<\/a><\/p>\n","protected":false},"excerpt":{"rendered":"<p>V\u00e4lkomna till MBF:s traditionella ARF Cup 13-14.5.2023! Vi b\u00f6rjar b\u00e5da dagarna klockan 10:00. Tervetuloa MBF:n perinteiseen ARF Cupiin 13-14.1.2023! Kilpailut alkavat kello 10:00 molempina p\u00e4ivin\u00e4. Welcome to the traditional ARF Cup January 13th &#8211; 14th 2023! The competition starts at 10:00 both days. Inbjudan \/ Kutsu \/ Invitation<\/p>\n","protected":false},"author":2,"featured_media":0,"parent":253,"menu_order":77,"comment_status":"closed","ping_status":"closed","template":"","meta":{"footnotes":""},"class_list":["post-1983","page","type-page","status-publish","hentry","nodate","item-wrap"],"_links":{"self":[{"href":"https:\/\/old.mbf.fi\/index.php?rest_route=\/wp\/v2\/pages\/1983","targetHints":{"allow":["GET"]}}],"collection":[{"href":"https:\/\/old.mbf.fi\/index.php?rest_route=\/wp\/v2\/pages"}],"about":[{"href":"https:\/\/old.mbf.fi\/index.php?rest_route=\/wp\/v2\/types\/page"}],"author":[{"embeddable":true,"href":"https:\/\/old.mbf.fi\/index.php?rest_route=\/wp\/v2\/users\/2"}],"replies":[{"embeddable":true,"href":"https:\/\/old.mbf.fi\/index.php?rest_route=%2Fwp%2Fv2%2Fcomments&post=1983"}],"version-history":[{"count":2,"href":"https:\/\/old.mbf.fi\/index.php?rest_route=\/wp\/v2\/pages\/1983\/revisions"}],"predecessor-version":[{"id":1986,"href":"https:\/\/old.mbf.fi\/index.php?rest_route=\/wp\/v2\/pages\/1983\/revisions\/1986"}],"up":[{"embeddable":true,"href":"https:\/\/old.mbf.fi\/index.php?rest_route=\/wp\/v2\/pages\/253"}],"wp:attachment":[{"href":"https:\/\/old.mbf.fi\/index.php?rest_route=%2Fwp%2Fv2%2Fmedia&parent=1983"}],"curies":[{"name":"wp","href":"https:\/\/api.w.org\/{rel}","templated":true}]}}