{"id":1935,"date":"2023-04-21T01:11:31","date_gmt":"2023-04-20T22:11:31","guid":{"rendered":"https:\/\/mbf.fi\/wordpress\/?page_id=1935"},"modified":"2023-04-23T13:59:40","modified_gmt":"2023-04-23T10:59:40","slug":"pingiskesaleiri-7-12-vuotiaille-tytoille-ja-pojille-ruskeasuolla-5-9-6-19-22-6-tai-7-9-8-2023","status":"publish","type":"page","link":"https:\/\/old.mbf.fi\/?page_id=1935","title":{"rendered":"Pingiskes\u00e4leiri 7-12 vuotiaille tyt\u00f6ille ja pojille Ruskeasuolla 5.-9.6., 19.-22.6. tai 7.-9.8.2023"},"content":{"rendered":"\n<h3 class=\"wp-block-heading\">MBF j\u00e4rjest\u00e4\u00e4 Helsingin kaupungin EasySport pingisleirej\u00e4 7-12 vuotiaille Ruskeasuolla kes\u00e4- ja elokuussa seuraavasti<\/h3>\n\n\n\n<figure class=\"wp-block-table\"><table><tbody><tr><td>Ajankohta ja p\u00e4iv\u00e4t&nbsp;&nbsp;<\/td><td>Leirimaksu<\/td><td>Ilmoittautuminen<\/td><\/tr><tr><td>5.-9.6. maanantai-perjantai&nbsp;&nbsp;<\/td><td>75\u20ac&nbsp;&nbsp;<\/td><td><a href=\"https:\/\/jalkkis.net\/TeamPublic\/signup.aspx?tid=38156\">Ilmoittaudu 5-9.6. leirille t\u00e4st\u00e4<\/a><\/td><\/tr><tr><td>19.-22.6.&nbsp;&nbsp;maanantai-torstai<\/td><td>60\u20ac<\/td><td><a href=\"https:\/\/jalkkis.net\/TeamPublic\/signup.aspx?tid=38170\">Ilmoittaudu 19-22.6. leirille t\u00e4st\u00e4<\/a><\/td><\/tr><tr><td>7.-9.8.&nbsp;&nbsp;&nbsp;maanantai-keskiviikko<\/td><td>45\u20ac<\/td><td><a href=\"https:\/\/jalkkis.net\/TeamPublic\/signup.aspx?tid=38184\">Ilmoittaudu 7-9.8. leirille t\u00e4st\u00e4<\/a><\/td><\/tr><\/tbody><\/table><figcaption class=\"wp-element-caption\">Kullekin leirille voidaan ottaa 20 lasta. Pingis sopii hyvin sek\u00e4 tyt\u00f6ille ett\u00e4 pojille.<\/figcaption><\/figure>\n\n\n\n<div class=\"wp-block-media-text has-media-on-the-right is-stacked-on-mobile is-vertically-aligned-bottom is-image-fill\" style=\"grid-template-columns:auto 38%\"><div class=\"wp-block-media-text__content\">\n<p>Lounas sis\u00e4ltyy leirimaksuun. Leirill\u00e4 on mahdollista ostaa MBF:n pingistreenipaita (15\u20ac). Joidenkin aloittelijoiden on mahdollista lainata pingismailoja.<\/p>\n\n\n\n<p><strong>Valmentajat:<\/strong>&nbsp;MBF:n juniorivalmentaja Sebastian Abaijon-Nurmisuo sek\u00e4 MBF:n parhaat juniorit Andreas von K\u00f6hler ja Onni Farin<\/p>\n\n\n\n<p><strong>Paikka:<\/strong>&nbsp;Ruskeasuon p\u00f6yt\u00e4tennishalli (2. kerros), Ratsastie 10, Ruskeasuo<\/p>\n<\/div><figure class=\"wp-block-media-text__media\" style=\"background-image:url(https:\/\/old.mbf.fiwp-content\/uploads\/2023\/03\/DSC_4033-kopio-640x426.jpeg);background-position:50% 50%\"><img fetchpriority=\"high\" decoding=\"async\" width=\"640\" height=\"426\" src=\"https:\/\/old.mbf.fiwp-content\/uploads\/2023\/03\/DSC_4033-kopio-640x426.jpeg\" alt=\"\" class=\"wp-image-1914 size-full\" srcset=\"https:\/\/old.mbf.fi\/wp-content\/uploads\/2023\/03\/DSC_4033-kopio-640x426.jpeg 640w, https:\/\/old.mbf.fi\/wp-content\/uploads\/2023\/03\/DSC_4033-kopio-300x200.jpeg 300w, https:\/\/old.mbf.fi\/wp-content\/uploads\/2023\/03\/DSC_4033-kopio-768x511.jpeg 768w, https:\/\/old.mbf.fi\/wp-content\/uploads\/2023\/03\/DSC_4033-kopio-750x499.jpeg 750w, https:\/\/old.mbf.fi\/wp-content\/uploads\/2023\/03\/DSC_4033-kopio.jpeg 1181w\" sizes=\"(max-width: 640px) 100vw, 640px\" \/><\/figure><\/div>\n\n\n\n<p><strong>Ohjelma<\/strong><\/p>\n\n\n\n<p>&nbsp;9.30 \u2013 10.50&nbsp;&nbsp;&nbsp;&nbsp;&nbsp;&nbsp;&nbsp;&nbsp;&nbsp;&nbsp;Pingist\u00e4<\/p>\n\n\n\n<p>10.50 \u201311.00&nbsp;&nbsp;&nbsp;&nbsp;&nbsp;&nbsp;&nbsp;&nbsp;&nbsp;&nbsp;Tauko<\/p>\n\n\n\n<p>11.00 \u2013 12.00&nbsp;&nbsp;&nbsp;&nbsp;&nbsp;&nbsp;&nbsp;&nbsp;&nbsp;&nbsp;Pingist\u00e4 tai muita pallopelej\u00e4&nbsp;<\/p>\n\n\n\n<p>12.00 \u2013 13.00&nbsp;&nbsp;&nbsp;&nbsp;&nbsp;&nbsp;&nbsp;&nbsp;&nbsp;&nbsp;Lounas<\/p>\n\n\n\n<p>13.00 \u2013 14.20&nbsp;&nbsp;&nbsp;&nbsp;&nbsp;&nbsp;&nbsp;&nbsp;&nbsp;Pingist\u00e4&nbsp;<\/p>\n\n\n\n<p>14.20 \u2013 14.30&nbsp;&nbsp;&nbsp;&nbsp;&nbsp;&nbsp;&nbsp;&nbsp;&nbsp;Tauko<\/p>\n\n\n\n<p>14.30 \u2013 15.30&nbsp;&nbsp;&nbsp;&nbsp;&nbsp;&nbsp;&nbsp;&nbsp;&nbsp;Liikkuvuustreeni<\/p>\n\n\n\n<p><strong>Muut lajit:<\/strong>&nbsp;Pingissalin lis\u00e4ksi meill\u00e4 on k\u00e4yt\u00f6ss\u00e4 Ruskeasuon liikuntasali 2. Siell\u00e4 voi pelata k\u00e4sipalloa, sis\u00e4jalkapalloa, sulkapalloa tai s\u00e4hly\u00e4 (omat mailat mukaan). S\u00e4\u00e4n salliessa voidaan pelata Ruskeasuon ulkokent\u00e4ll\u00e4 jalkapalloa, polttopalloa tai s\u00e4kki-hyppely\u00e4. Ilmoittautumisen yhteydess\u00e4 kertokaa mit\u00e4 muita pallopelej\u00e4 haluaisitte kokeilla.&nbsp;<\/p>\n\n\n\n<p><strong>Tiedustelut:<\/strong>&nbsp;Sebastian Abaijon-Nurmisuo (<a href=\"mailto:dazilva@hotmail.com\">dazilva@hotmail.com<\/a>&nbsp;puh 045 888 5408)<\/p>\n\n\n\n<figure class=\"wp-block-image size-large is-resized\"><img decoding=\"async\" src=\"https:\/\/old.mbf.fiwp-content\/uploads\/2023\/04\/MBF_juniorer_april_2023-640x282.jpeg\" alt=\"\" class=\"wp-image-1943\" width=\"750\" height=\"330\" srcset=\"https:\/\/old.mbf.fi\/wp-content\/uploads\/2023\/04\/MBF_juniorer_april_2023-640x282.jpeg 640w, https:\/\/old.mbf.fi\/wp-content\/uploads\/2023\/04\/MBF_juniorer_april_2023-300x132.jpeg 300w, https:\/\/old.mbf.fi\/wp-content\/uploads\/2023\/04\/MBF_juniorer_april_2023-768x338.jpeg 768w, https:\/\/old.mbf.fi\/wp-content\/uploads\/2023\/04\/MBF_juniorer_april_2023-1536x677.jpeg 1536w, https:\/\/old.mbf.fi\/wp-content\/uploads\/2023\/04\/MBF_juniorer_april_2023-2048x902.jpeg 2048w, https:\/\/old.mbf.fi\/wp-content\/uploads\/2023\/04\/MBF_juniorer_april_2023-750x330.jpeg 750w\" sizes=\"(max-width: 750px) 100vw, 750px\" \/><figcaption class=\"wp-element-caption\">Tervetuloa MBF:n kes\u00e4leirille!<\/figcaption><\/figure>\n","protected":false},"excerpt":{"rendered":"<p>MBF j\u00e4rjest\u00e4\u00e4 Helsingin kaupungin EasySport pingisleirej\u00e4 7-12 vuotiaille Ruskeasuolla kes\u00e4- ja elokuussa seuraavasti Ajankohta ja p\u00e4iv\u00e4t&nbsp;&nbsp; Leirimaksu Ilmoittautuminen 5.-9.6. maanantai-perjantai&nbsp;&nbsp; 75\u20ac&nbsp;&nbsp; Ilmoittaudu 5-9.6. leirille t\u00e4st\u00e4 19.-22.6.&nbsp;&nbsp;maanantai-torstai 60\u20ac Ilmoittaudu 19-22.6. leirille t\u00e4st\u00e4 7.-9.8.&nbsp;&nbsp;&nbsp;maanantai-keskiviikko 45\u20ac Ilmoittaudu 7-9.8. leirille t\u00e4st\u00e4 Kullekin leirille voidaan ottaa 20 lasta. Pingis sopii hyvin sek\u00e4 tyt\u00f6ille ett\u00e4 pojille. Lounas sis\u00e4ltyy leirimaksuun. Leirill\u00e4 on &hellip; <\/p>\n<p><a class=\"more-link btn\" href=\"https:\/\/old.mbf.fi\/?page_id=1935\">Continue reading<\/a><\/p>\n","protected":false},"author":8,"featured_media":0,"parent":0,"menu_order":0,"comment_status":"closed","ping_status":"closed","template":"","meta":{"footnotes":""},"class_list":["post-1935","page","type-page","status-publish","hentry","nodate","item-wrap"],"_links":{"self":[{"href":"https:\/\/old.mbf.fi\/index.php?rest_route=\/wp\/v2\/pages\/1935","targetHints":{"allow":["GET"]}}],"collection":[{"href":"https:\/\/old.mbf.fi\/index.php?rest_route=\/wp\/v2\/pages"}],"about":[{"href":"https:\/\/old.mbf.fi\/index.php?rest_route=\/wp\/v2\/types\/page"}],"author":[{"embeddable":true,"href":"https:\/\/old.mbf.fi\/index.php?rest_route=\/wp\/v2\/users\/8"}],"replies":[{"embeddable":true,"href":"https:\/\/old.mbf.fi\/index.php?rest_route=%2Fwp%2Fv2%2Fcomments&post=1935"}],"version-history":[{"count":19,"href":"https:\/\/old.mbf.fi\/index.php?rest_route=\/wp\/v2\/pages\/1935\/revisions"}],"predecessor-version":[{"id":1981,"href":"https:\/\/old.mbf.fi\/index.php?rest_route=\/wp\/v2\/pages\/1935\/revisions\/1981"}],"wp:attachment":[{"href":"https:\/\/old.mbf.fi\/index.php?rest_route=%2Fwp%2Fv2%2Fmedia&parent=1935"}],"curies":[{"name":"wp","href":"https:\/\/api.w.org\/{rel}","templated":true}]}}