{"id":1846,"date":"2023-01-18T00:44:14","date_gmt":"2023-01-17T22:44:14","guid":{"rendered":"https:\/\/mbf.fi\/wordpress\/?page_id=1846"},"modified":"2023-03-21T00:00:29","modified_gmt":"2023-03-20T22:00:29","slug":"fm-25-26-3-2023","status":"publish","type":"page","link":"https:\/\/old.mbf.fi\/?page_id=1846","title":{"rendered":"FM 25-26.3.2023"},"content":{"rendered":"\n<p>MBF arrangerar finska m\u00e4sterskapen i bordtennis 25-26 mars 2023 i Brunak\u00e4rr. P\u00e5 den h\u00e4r sidan hittar ni inbjudan, tidtabell, lottningen samt resultaten an eftersom det blir klara. V\u00e4lkomna! <\/p>\n\n\n\n<p>MBF j\u00e4rjest\u00e4\u00e4 p\u00f6yt\u00e4tenniksen henkil\u00f6kohtaiset Suomen mestaruuskilpailut 25-26.3.2023 Ruskeasuolla. T\u00e4\u00e4lt\u00e4 l\u00f6yd\u00e4tte kilpailukutsun, ilmoittautuneet, arvonnat sek\u00e4 tulokset sit\u00e4 mukaan kun ne valmistuvat. Tervetuloa!<\/p>\n\n\n\n<p>MBF arranges the Finnish table tennis championships 25-26 March 2023 in Ruskeasuo. You will find the invitation for the competition, the participants, the placements and the results as soon as they ready. Welcome!<\/p>\n\n\n\n<p><a rel=\"noreferrer noopener\" href=\"https:\/\/old.mbf.fiwp-content\/uploads\/2023\/02\/SM-2023_Kilpailukutsu.pdf\" target=\"_blank\">Inbjudan \/ Kilpailukutsu \/ Invitation<\/a><\/p>\n\n\n\n<p><a href=\"https:\/\/old.mbf.fiwp-content\/uploads\/2023\/03\/FM-2023_Lottning_SPTL.xls\" target=\"_blank\" rel=\"noreferrer noopener\">Lottning \/ Arvonnat \/ Draw<\/a><\/p>\n\n\n\n<p><a href=\"https:\/\/old.mbf.fiwp-content\/uploads\/2023\/03\/Tidtabell.pdf\" target=\"_blank\" rel=\"noreferrer noopener\">Tidtabell \/ Aikataulu \/ Timetable<\/a><\/p>\n","protected":false},"excerpt":{"rendered":"<p>MBF arrangerar finska m\u00e4sterskapen i bordtennis 25-26 mars 2023 i Brunak\u00e4rr. P\u00e5 den h\u00e4r sidan hittar ni inbjudan, tidtabell, lottningen samt resultaten an eftersom det blir klara. V\u00e4lkomna! MBF j\u00e4rjest\u00e4\u00e4 p\u00f6yt\u00e4tenniksen henkil\u00f6kohtaiset Suomen mestaruuskilpailut 25-26.3.2023 Ruskeasuolla. T\u00e4\u00e4lt\u00e4 l\u00f6yd\u00e4tte kilpailukutsun, ilmoittautuneet, arvonnat sek\u00e4 tulokset sit\u00e4 mukaan kun ne valmistuvat. Tervetuloa! MBF arranges the Finnish table tennis &hellip; <\/p>\n<p><a class=\"more-link btn\" href=\"https:\/\/old.mbf.fi\/?page_id=1846\">Continue reading<\/a><\/p>\n","protected":false},"author":8,"featured_media":0,"parent":253,"menu_order":78,"comment_status":"closed","ping_status":"closed","template":"","meta":{"footnotes":""},"class_list":["post-1846","page","type-page","status-publish","hentry","nodate","item-wrap"],"_links":{"self":[{"href":"https:\/\/old.mbf.fi\/index.php?rest_route=\/wp\/v2\/pages\/1846","targetHints":{"allow":["GET"]}}],"collection":[{"href":"https:\/\/old.mbf.fi\/index.php?rest_route=\/wp\/v2\/pages"}],"about":[{"href":"https:\/\/old.mbf.fi\/index.php?rest_route=\/wp\/v2\/types\/page"}],"author":[{"embeddable":true,"href":"https:\/\/old.mbf.fi\/index.php?rest_route=\/wp\/v2\/users\/8"}],"replies":[{"embeddable":true,"href":"https:\/\/old.mbf.fi\/index.php?rest_route=%2Fwp%2Fv2%2Fcomments&post=1846"}],"version-history":[{"count":6,"href":"https:\/\/old.mbf.fi\/index.php?rest_route=\/wp\/v2\/pages\/1846\/revisions"}],"predecessor-version":[{"id":1906,"href":"https:\/\/old.mbf.fi\/index.php?rest_route=\/wp\/v2\/pages\/1846\/revisions\/1906"}],"up":[{"embeddable":true,"href":"https:\/\/old.mbf.fi\/index.php?rest_route=\/wp\/v2\/pages\/253"}],"wp:attachment":[{"href":"https:\/\/old.mbf.fi\/index.php?rest_route=%2Fwp%2Fv2%2Fmedia&parent=1846"}],"curies":[{"name":"wp","href":"https:\/\/api.w.org\/{rel}","templated":true}]}}