{"id":1670,"date":"2022-08-07T13:40:25","date_gmt":"2022-08-07T10:40:25","guid":{"rendered":"http:\/\/mbf.fi:\/wordpress\/?page_id=1670"},"modified":"2024-12-17T09:37:54","modified_gmt":"2024-12-17T07:37:54","slug":"styrelse-hallitus-board","status":"publish","type":"page","link":"https:\/\/old.mbf.fi\/?page_id=1670","title":{"rendered":"Styrelse \/ hallitus \/ Board"},"content":{"rendered":"\n<p><strong>Ordf\u00f6rande \/ Puheenjohtaja \/ Chair:\u00a0<\/strong>Matti Vainio \/\u00a0GSM: +358 50 5720770 \/\u00a0<a href=\"mailto:mattivainio@mbf.fi\">matti.vainio@mbf.fi<\/a><\/p>\n\n\n\n<p><strong>Vice-ordf\u00f6rande \/ Varapuheenjohtaja \/ Vice-chair:&nbsp;<\/strong>Jon Eriksson \/ GSM: +358 50 5720868 \/ &nbsp;<a href=\"mailto:jon.eriksson@outlook.com\">jon.eriksson@outlook.com<\/a>&nbsp;<\/p>\n\n\n\n<p><strong>Sekreterare\/Sihteeri\/Secretary: &nbsp;<\/strong>Sonja Londen \/ GSM: \u202d+358 400 777 350<\/p>\n\n\n\n<p><strong>Andra styrelsemedlemmar\/Muut hallituksen j\u00e4senet\/Other board members:&nbsp;<\/strong><\/p>\n\n\n\n<p><strong>Juniorer \/ Juniorit \/ Juniors:<\/strong> Ildiko Kadar \/ GSM: \u202d+358 45 346 1779\u202c \/ <a href=\"mailto:tokes.ildiko@gmail.com\">tokes.ildiko@gmail.com<\/a> <\/p>\n\n\n\n<p>Jarkko Lundstr\u00f6m &nbsp;+358 44 5983576<\/p>\n\n\n\n<p><strong>Juniorer \/ Juniorit \/ Juniors:<\/strong> Andrei R\u00e4is\u00e4nen \/ GSM: \u202d+358 50 5306924\u202c<\/p>\n\n\n\n<p><strong>Marknadsf\u00f6ring \/ Markkinointi \/ Marketing:<\/strong> Riku Solapuro +358 50 5260210<\/p>\n\n\n\n<h2 class=\"wp-block-heading\">Ekonomi \/ talous \/ Finances<\/h2>\n\n\n\n<p><strong>Ekonomichef \/ Talousp\u00e4\u00e4llikk\u00f6 \/ Financial Officer :<\/strong> Risto Karvonen risto.karvonen (at) k-karvonen.fi<\/p>\n\n\n\n<p><\/p>\n","protected":false},"excerpt":{"rendered":"<p>Ordf\u00f6rande \/ Puheenjohtaja \/ Chair:\u00a0Matti Vainio \/\u00a0GSM: +358 50 5720770 \/\u00a0matti.vainio@mbf.fi Vice-ordf\u00f6rande \/ Varapuheenjohtaja \/ Vice-chair:&nbsp;Jon Eriksson \/ GSM: +358 50 5720868 \/ &nbsp;jon.eriksson@outlook.com&nbsp; Sekreterare\/Sihteeri\/Secretary: &nbsp;Sonja Londen \/ GSM: \u202d+358 400 777 350 Andra styrelsemedlemmar\/Muut hallituksen j\u00e4senet\/Other board members:&nbsp; Juniorer \/ Juniorit \/ Juniors: Ildiko Kadar \/ GSM: \u202d+358 45 346 1779\u202c \/ tokes.ildiko@gmail.com Jarkko &hellip; <\/p>\n<p><a class=\"more-link btn\" href=\"https:\/\/old.mbf.fi\/?page_id=1670\">Continue reading<\/a><\/p>\n","protected":false},"author":1,"featured_media":0,"parent":27,"menu_order":3,"comment_status":"closed","ping_status":"closed","template":"","meta":{"footnotes":""},"class_list":["post-1670","page","type-page","status-publish","hentry","nodate","item-wrap"],"_links":{"self":[{"href":"https:\/\/old.mbf.fi\/index.php?rest_route=\/wp\/v2\/pages\/1670","targetHints":{"allow":["GET"]}}],"collection":[{"href":"https:\/\/old.mbf.fi\/index.php?rest_route=\/wp\/v2\/pages"}],"about":[{"href":"https:\/\/old.mbf.fi\/index.php?rest_route=\/wp\/v2\/types\/page"}],"author":[{"embeddable":true,"href":"https:\/\/old.mbf.fi\/index.php?rest_route=\/wp\/v2\/users\/1"}],"replies":[{"embeddable":true,"href":"https:\/\/old.mbf.fi\/index.php?rest_route=%2Fwp%2Fv2%2Fcomments&post=1670"}],"version-history":[{"count":13,"href":"https:\/\/old.mbf.fi\/index.php?rest_route=\/wp\/v2\/pages\/1670\/revisions"}],"predecessor-version":[{"id":3509,"href":"https:\/\/old.mbf.fi\/index.php?rest_route=\/wp\/v2\/pages\/1670\/revisions\/3509"}],"up":[{"embeddable":true,"href":"https:\/\/old.mbf.fi\/index.php?rest_route=\/wp\/v2\/pages\/27"}],"wp:attachment":[{"href":"https:\/\/old.mbf.fi\/index.php?rest_route=%2Fwp%2Fv2%2Fmedia&parent=1670"}],"curies":[{"name":"wp","href":"https:\/\/api.w.org\/{rel}","templated":true}]}}