{"id":1613,"date":"2022-02-06T18:28:36","date_gmt":"2022-02-06T16:28:36","guid":{"rendered":"http:\/\/mbf.fi:\/wordpress\/?page_id=1613"},"modified":"2022-02-15T16:09:56","modified_gmt":"2022-02-15T14:09:56","slug":"fm-5-6-3-2022","status":"publish","type":"page","link":"https:\/\/old.mbf.fi\/?page_id=1613","title":{"rendered":"FM 5-6.3.2022"},"content":{"rendered":"\n<p>MBF arrangerar finska m\u00e4sterskapen i bordtennis 5-6 mars 2022. P\u00e5 den h\u00e4r sidan hittar ni inbjudan, tidtabell, lottningen samt resultaten an eftersom det blir klara. V\u00e4lkomna!<\/p>\n\n\n\n<p>MBF j\u00e4rjest\u00e4\u00e4 p\u00f6yt\u00e4tenniksen henkil\u00f6kohtaiset Suomen mestaruuskilpailut 5-6.3.2022. T\u00e4\u00e4lt\u00e4 l\u00f6yd\u00e4tte kilpailukutsun, ilmoittautuneet, arvonnat sek\u00e4 tulokset sit\u00e4 mukaan kun ne valmistuvat. Tervetuloa!<\/p>\n\n\n\n<p>MBF arranges the Finnish table tennis championships March 5th &#8211; 6th 2022. Here you will find the invitation, entries, draw and results as they are available. Welcome!<\/p>\n\n\n\n<p><a href=\"http:\/\/mbf.fi:\/wordpress\/wp-content\/uploads\/2022\/02\/SM-2022_Kilpailukutsu_v2.pdf\" target=\"_blank\" rel=\"noreferrer noopener\">Inbjudan \/ Kilpailukutsu \/ Invitation<\/a><\/p>\n","protected":false},"excerpt":{"rendered":"<p>MBF arrangerar finska m\u00e4sterskapen i bordtennis 5-6 mars 2022. P\u00e5 den h\u00e4r sidan hittar ni inbjudan, tidtabell, lottningen samt resultaten an eftersom det blir klara. V\u00e4lkomna! MBF j\u00e4rjest\u00e4\u00e4 p\u00f6yt\u00e4tenniksen henkil\u00f6kohtaiset Suomen mestaruuskilpailut 5-6.3.2022. T\u00e4\u00e4lt\u00e4 l\u00f6yd\u00e4tte kilpailukutsun, ilmoittautuneet, arvonnat sek\u00e4 tulokset sit\u00e4 mukaan kun ne valmistuvat. Tervetuloa! MBF arranges the Finnish table tennis championships March 5th &hellip; <\/p>\n<p><a class=\"more-link btn\" href=\"https:\/\/old.mbf.fi\/?page_id=1613\">Continue reading<\/a><\/p>\n","protected":false},"author":2,"featured_media":0,"parent":253,"menu_order":79,"comment_status":"closed","ping_status":"closed","template":"","meta":{"footnotes":""},"class_list":["post-1613","page","type-page","status-publish","hentry","nodate","item-wrap"],"_links":{"self":[{"href":"https:\/\/old.mbf.fi\/index.php?rest_route=\/wp\/v2\/pages\/1613","targetHints":{"allow":["GET"]}}],"collection":[{"href":"https:\/\/old.mbf.fi\/index.php?rest_route=\/wp\/v2\/pages"}],"about":[{"href":"https:\/\/old.mbf.fi\/index.php?rest_route=\/wp\/v2\/types\/page"}],"author":[{"embeddable":true,"href":"https:\/\/old.mbf.fi\/index.php?rest_route=\/wp\/v2\/users\/2"}],"replies":[{"embeddable":true,"href":"https:\/\/old.mbf.fi\/index.php?rest_route=%2Fwp%2Fv2%2Fcomments&post=1613"}],"version-history":[{"count":3,"href":"https:\/\/old.mbf.fi\/index.php?rest_route=\/wp\/v2\/pages\/1613\/revisions"}],"predecessor-version":[{"id":1622,"href":"https:\/\/old.mbf.fi\/index.php?rest_route=\/wp\/v2\/pages\/1613\/revisions\/1622"}],"up":[{"embeddable":true,"href":"https:\/\/old.mbf.fi\/index.php?rest_route=\/wp\/v2\/pages\/253"}],"wp:attachment":[{"href":"https:\/\/old.mbf.fi\/index.php?rest_route=%2Fwp%2Fv2%2Fmedia&parent=1613"}],"curies":[{"name":"wp","href":"https:\/\/api.w.org\/{rel}","templated":true}]}}