{"id":1564,"date":"2020-02-18T14:23:04","date_gmt":"2020-02-18T12:23:04","guid":{"rendered":"http:\/\/mbf.fi:\/wordpress\/?page_id=1564"},"modified":"2020-02-29T20:59:24","modified_gmt":"2020-02-29T18:59:24","slug":"fm-29-2-1-3-2020","status":"publish","type":"page","link":"https:\/\/old.mbf.fi\/?page_id=1564","title":{"rendered":"FM 29.2-1.3.2020"},"content":{"rendered":"\n<p>MBF arrangerar finska m\u00e4sterskapen i bordtennis 29 februari till 1 mars 2020. P\u00e5 den h\u00e4r sidan hittar ni inbjudan, tidtabell, lottningen samt resultaten an eftersom det blir klara. V\u00e4lkomna!<\/p>\n\n\n\n<p>MBF j\u00e4rjest\u00e4\u00e4 p\u00f6yt\u00e4tenniksen henkil\u00f6kohtaiset Suomen mestaruuskilpailut 29.2-1.3.2020. T\u00e4\u00e4lt\u00e4 l\u00f6yd\u00e4tte kilpailukutsun, ilmoittautuneet, arvonnat sek\u00e4 tulokset sit\u00e4 mukaan kun ne valmistuvat. Tervetuloa!<\/p>\n\n\n\n<p>MBF arranges the Finnish table tennis championships February 29:th  \u2013  March 1st 2020. Here you will find the invitation, entries, draw and results as they are available. Welcome!<\/p>\n\n\n\n<p><a href=\"http:\/\/mbf.fi:\/wordpress\/wp-content\/uploads\/2020\/02\/SM-2020_Kilpailukutsu.pdf\" target=\"_blank\" rel=\"noreferrer noopener\" aria-label=\" (opens in a new tab)\">Inbjudan \/ Kilpailukutsu \/ Invitation<\/a><\/p>\n\n\n\n<p><a rel=\"noreferrer noopener\" aria-label=\"Anm\u00e4lda \/ Ilmoittautuneet \/ Entries (opens in a new tab)\" href=\"http:\/\/mbf.fi:\/wordpress\/wp-content\/uploads\/2020\/02\/SM-2020_Ilmoittautuneet.pdf\" target=\"_blank\">Anm\u00e4lda \/ Ilmoittautuneet \/ Entries<\/a><\/p>\n\n\n\n<p><a href=\"http:\/\/mbf.fi:\/wordpress\/wp-content\/uploads\/2020\/02\/SM-2020_Aikataulu.pdf\" target=\"_blank\" rel=\"noreferrer noopener\" aria-label=\"Tidtabell \/ Aikataulu \/ Time table (opens in a new tab)\">Tidtabell \/ Aikataulu \/ Time table<\/a><\/p>\n\n\n\n<p><a rel=\"noreferrer noopener\" aria-label=\"Lottning \/ Arvonta \/ Draw (opens in a new tab)\" href=\"http:\/\/mbf.fi:\/wordpress\/wp-content\/uploads\/2020\/02\/FM-2020_Lottning_SPTL.xlsx\" target=\"_blank\">Lottning \/ Arvonta \/ Draw<\/a><\/p>\n\n\n\n<p><a rel=\"noreferrer noopener\" aria-label=\"Resultat \/ Tulokset \/ Results (opens in a new tab)\" href=\"http:\/\/mbf.fi:\/wordpress\/wp-content\/uploads\/2020\/02\/SM-2020_Tulokset_LA.xlsx\" target=\"_blank\">Resultat \/ Tulokset \/ Results<\/a><\/p>\n","protected":false},"excerpt":{"rendered":"<p>MBF arrangerar finska m\u00e4sterskapen i bordtennis 29 februari till 1 mars 2020. P\u00e5 den h\u00e4r sidan hittar ni inbjudan, tidtabell, lottningen samt resultaten an eftersom det blir klara. V\u00e4lkomna! MBF j\u00e4rjest\u00e4\u00e4 p\u00f6yt\u00e4tenniksen henkil\u00f6kohtaiset Suomen mestaruuskilpailut 29.2-1.3.2020. T\u00e4\u00e4lt\u00e4 l\u00f6yd\u00e4tte kilpailukutsun, ilmoittautuneet, arvonnat sek\u00e4 tulokset sit\u00e4 mukaan kun ne valmistuvat. Tervetuloa! MBF arranges the Finnish table tennis &hellip; <\/p>\n<p><a class=\"more-link btn\" href=\"https:\/\/old.mbf.fi\/?page_id=1564\">Continue reading<\/a><\/p>\n","protected":false},"author":2,"featured_media":0,"parent":253,"menu_order":80,"comment_status":"closed","ping_status":"closed","template":"","meta":{"footnotes":""},"class_list":["post-1564","page","type-page","status-publish","hentry","nodate","item-wrap"],"_links":{"self":[{"href":"https:\/\/old.mbf.fi\/index.php?rest_route=\/wp\/v2\/pages\/1564","targetHints":{"allow":["GET"]}}],"collection":[{"href":"https:\/\/old.mbf.fi\/index.php?rest_route=\/wp\/v2\/pages"}],"about":[{"href":"https:\/\/old.mbf.fi\/index.php?rest_route=\/wp\/v2\/types\/page"}],"author":[{"embeddable":true,"href":"https:\/\/old.mbf.fi\/index.php?rest_route=\/wp\/v2\/users\/2"}],"replies":[{"embeddable":true,"href":"https:\/\/old.mbf.fi\/index.php?rest_route=%2Fwp%2Fv2%2Fcomments&post=1564"}],"version-history":[{"count":12,"href":"https:\/\/old.mbf.fi\/index.php?rest_route=\/wp\/v2\/pages\/1564\/revisions"}],"predecessor-version":[{"id":1595,"href":"https:\/\/old.mbf.fi\/index.php?rest_route=\/wp\/v2\/pages\/1564\/revisions\/1595"}],"up":[{"embeddable":true,"href":"https:\/\/old.mbf.fi\/index.php?rest_route=\/wp\/v2\/pages\/253"}],"wp:attachment":[{"href":"https:\/\/old.mbf.fi\/index.php?rest_route=%2Fwp%2Fv2%2Fmedia&parent=1564"}],"curies":[{"name":"wp","href":"https:\/\/api.w.org\/{rel}","templated":true}]}}