{"id":1515,"date":"2019-02-26T14:50:26","date_gmt":"2019-02-26T12:50:26","guid":{"rendered":"http:\/\/mbf.fi:\/wordpress\/?page_id=1515"},"modified":"2019-03-10T23:15:25","modified_gmt":"2019-03-10T21:15:25","slug":"junior-fm-2019","status":"publish","type":"page","link":"https:\/\/old.mbf.fi\/?page_id=1515","title":{"rendered":"Junior FM 2019"},"content":{"rendered":"<p>MBF arrangerar Junior FM 9-10 mars 2019. P\u00e5 den h\u00e4r sidan hittar ni inbjudan, tidtabell, lottningen samt resultaten an eftersom det blir klara. V\u00e4lkomna!<\/p>\n<p>MBF j\u00e4rjest\u00e4\u00e4 junioreiden SM-kilpailut 9-10.3.2019. T\u00e4\u00e4lt\u00e4 l\u00f6yd\u00e4tte kilpailukutsun, ilmoittautuneet, arvonnat sek\u00e4 tulokset sit\u00e4 mukaan kun ne valmistuvat. Tervetuloa!<\/p>\n<p>MBF arranges the Finnish table tennis championships for juniors March 9th &#8211; 10th 2019. Here you will find the invitation, entries, draw and results as they are available. Welcome!<\/p>\n<p><a href=\"http:\/\/mbf.fi:\/wordpress\/wp-content\/uploads\/2019\/02\/MBF-juniori-SM-2019.pdf\" target=\"_blank\" rel=\"noopener\">Inbjudan \/ Kilpailukutsu \/ Invitation<\/a><\/p>\n<p><a href=\"http:\/\/mbf.fi:\/wordpress\/wp-content\/uploads\/2019\/02\/Junnu-FM-2019-Deltagare_SPTL.xlsx\" target=\"_blank\" rel=\"noopener\">Anm\u00e4lda \/ Ilmoittautuneet \/ Entry list<\/a><\/p>\n<p><a href=\"http:\/\/mbf.fi:\/wordpress\/wp-content\/uploads\/2019\/03\/Junnu-SM-2019_Arvonta_SPTL.xlsx\" target=\"_blank\" rel=\"noopener\">Lottning \/ Arvonta \/ Draw<\/a><\/p>\n<p><a href=\"http:\/\/mbf.fi:\/wordpress\/wp-content\/uploads\/2019\/03\/Junnu-SM-2019_Tulokset_LA-ja-SU.xlsx\" target=\"_blank\" rel=\"noopener\">Resultat \/ Tulokset \/ Results<\/a><\/p>\n","protected":false},"excerpt":{"rendered":"<p>MBF arrangerar Junior FM 9-10 mars 2019. P\u00e5 den h\u00e4r sidan hittar ni inbjudan, tidtabell, lottningen samt resultaten an eftersom det blir klara. V\u00e4lkomna! MBF j\u00e4rjest\u00e4\u00e4 junioreiden SM-kilpailut 9-10.3.2019. T\u00e4\u00e4lt\u00e4 l\u00f6yd\u00e4tte kilpailukutsun, ilmoittautuneet, arvonnat sek\u00e4 tulokset sit\u00e4 mukaan kun ne valmistuvat. Tervetuloa! MBF arranges the Finnish table tennis championships for juniors March 9th &#8211; 10th &hellip; <\/p>\n<p><a class=\"more-link btn\" href=\"https:\/\/old.mbf.fi\/?page_id=1515\">Continue reading<\/a><\/p>\n","protected":false},"author":2,"featured_media":0,"parent":253,"menu_order":82,"comment_status":"closed","ping_status":"closed","template":"","meta":{"footnotes":""},"class_list":["post-1515","page","type-page","status-publish","hentry","nodate","item-wrap"],"_links":{"self":[{"href":"https:\/\/old.mbf.fi\/index.php?rest_route=\/wp\/v2\/pages\/1515","targetHints":{"allow":["GET"]}}],"collection":[{"href":"https:\/\/old.mbf.fi\/index.php?rest_route=\/wp\/v2\/pages"}],"about":[{"href":"https:\/\/old.mbf.fi\/index.php?rest_route=\/wp\/v2\/types\/page"}],"author":[{"embeddable":true,"href":"https:\/\/old.mbf.fi\/index.php?rest_route=\/wp\/v2\/users\/2"}],"replies":[{"embeddable":true,"href":"https:\/\/old.mbf.fi\/index.php?rest_route=%2Fwp%2Fv2%2Fcomments&post=1515"}],"version-history":[{"count":7,"href":"https:\/\/old.mbf.fi\/index.php?rest_route=\/wp\/v2\/pages\/1515\/revisions"}],"predecessor-version":[{"id":1529,"href":"https:\/\/old.mbf.fi\/index.php?rest_route=\/wp\/v2\/pages\/1515\/revisions\/1529"}],"up":[{"embeddable":true,"href":"https:\/\/old.mbf.fi\/index.php?rest_route=\/wp\/v2\/pages\/253"}],"wp:attachment":[{"href":"https:\/\/old.mbf.fi\/index.php?rest_route=%2Fwp%2Fv2%2Fmedia&parent=1515"}],"curies":[{"name":"wp","href":"https:\/\/api.w.org\/{rel}","templated":true}]}}