{"id":1398,"date":"2017-11-15T16:17:42","date_gmt":"2017-11-15T14:17:42","guid":{"rendered":"http:\/\/mbf.fi:\/wordpress\/?page_id=1398"},"modified":"2017-11-15T16:31:44","modified_gmt":"2017-11-15T14:31:44","slug":"arf-junior-cup-26-11-2017","status":"publish","type":"page","link":"https:\/\/old.mbf.fi\/?page_id=1398","title":{"rendered":"ARF Junior Cup 26.11.2017"},"content":{"rendered":"<p>MBF arrangerar den traditionella ARF Junior Cuppen s\u00f6ndagen 26.11.2017. Anm\u00e4lningarna senast 21.11.2017 klockan 24:00 via <a href=\"https:\/\/docs.google.com\/forms\/d\/e\/1FAIpQLScW36hGCU8doUSv29hr2MN2dJow9uhohW8KkSpvpVlK0V9MBg\/viewform?c=0&amp;w=1\" target=\"_blank\" rel=\"noopener\">n\u00e4tblanketten<\/a>. Anm\u00e4lningslistan hittar du <a href=\"https:\/\/docs.google.com\/spreadsheets\/d\/1FWCtYLOQfg5Lr94KxObUk08Mj9u6bu26ZrLQpuZHpZ0\/edit#gid=959330983\" target=\"_blank\" rel=\"noopener\">h\u00e4r<\/a>. V\u00e4lkommen!<\/p>\n<p>MBF j\u00e4rjest\u00e4\u00e4 perinteisen ARF Junior Cupin sunnuntaina 26.11.2017. Ilmoittautumiset 21.11.2017 klo 24:00 menness\u00e4 <a href=\"https:\/\/docs.google.com\/forms\/d\/e\/1FAIpQLScW36hGCU8doUSv29hr2MN2dJow9uhohW8KkSpvpVlK0V9MBg\/viewform?c=0&amp;w=1\" target=\"_blank\" rel=\"noopener\">nettilomakkeella<\/a>. Ilmoittautuneet l\u00f6yd\u00e4t <a href=\"https:\/\/docs.google.com\/spreadsheets\/d\/1FWCtYLOQfg5Lr94KxObUk08Mj9u6bu26ZrLQpuZHpZ0\/edit#gid=959330983\" target=\"_blank\" rel=\"noopener\">t\u00e4\u00e4lt\u00e4<\/a>. Tervetuloa!<\/p>\n<p>MBF arranges the traditional ARF Junior Cup on Sunday 26th of November 2017. Entries at the latest on 21st of November at midnight through the <a href=\"https:\/\/docs.google.com\/forms\/d\/e\/1FAIpQLScW36hGCU8doUSv29hr2MN2dJow9uhohW8KkSpvpVlK0V9MBg\/viewform?c=0&amp;w=1\" target=\"_blank\" rel=\"noopener\">webform<\/a>. You can find the entrylist <a href=\"https:\/\/docs.google.com\/spreadsheets\/d\/1FWCtYLOQfg5Lr94KxObUk08Mj9u6bu26ZrLQpuZHpZ0\/edit#gid=959330983\" target=\"_blank\" rel=\"noopener\">here<\/a>. Welcome!<\/p>\n<p><a href=\"http:\/\/mbf.fi:\/wordpress\/wp-content\/uploads\/2017\/11\/ARF-Cup-2017.pdf\" target=\"_blank\" rel=\"noopener\">Inbjudan \/ Kutsu \/ Invitation<\/a><\/p>\n","protected":false},"excerpt":{"rendered":"<p>MBF arrangerar den traditionella ARF Junior Cuppen s\u00f6ndagen 26.11.2017. Anm\u00e4lningarna senast 21.11.2017 klockan 24:00 via n\u00e4tblanketten. Anm\u00e4lningslistan hittar du h\u00e4r. V\u00e4lkommen! MBF j\u00e4rjest\u00e4\u00e4 perinteisen ARF Junior Cupin sunnuntaina 26.11.2017. Ilmoittautumiset 21.11.2017 klo 24:00 menness\u00e4 nettilomakkeella. Ilmoittautuneet l\u00f6yd\u00e4t t\u00e4\u00e4lt\u00e4. Tervetuloa! MBF arranges the traditional ARF Junior Cup on Sunday 26th of November 2017. Entries at the &hellip; <\/p>\n<p><a class=\"more-link btn\" href=\"https:\/\/old.mbf.fi\/?page_id=1398\">Continue reading<\/a><\/p>\n","protected":false},"author":2,"featured_media":0,"parent":253,"menu_order":87,"comment_status":"closed","ping_status":"closed","template":"","meta":{"footnotes":""},"class_list":["post-1398","page","type-page","status-publish","hentry","nodate","item-wrap"],"_links":{"self":[{"href":"https:\/\/old.mbf.fi\/index.php?rest_route=\/wp\/v2\/pages\/1398","targetHints":{"allow":["GET"]}}],"collection":[{"href":"https:\/\/old.mbf.fi\/index.php?rest_route=\/wp\/v2\/pages"}],"about":[{"href":"https:\/\/old.mbf.fi\/index.php?rest_route=\/wp\/v2\/types\/page"}],"author":[{"embeddable":true,"href":"https:\/\/old.mbf.fi\/index.php?rest_route=\/wp\/v2\/users\/2"}],"replies":[{"embeddable":true,"href":"https:\/\/old.mbf.fi\/index.php?rest_route=%2Fwp%2Fv2%2Fcomments&post=1398"}],"version-history":[{"count":4,"href":"https:\/\/old.mbf.fi\/index.php?rest_route=\/wp\/v2\/pages\/1398\/revisions"}],"predecessor-version":[{"id":1413,"href":"https:\/\/old.mbf.fi\/index.php?rest_route=\/wp\/v2\/pages\/1398\/revisions\/1413"}],"up":[{"embeddable":true,"href":"https:\/\/old.mbf.fi\/index.php?rest_route=\/wp\/v2\/pages\/253"}],"wp:attachment":[{"href":"https:\/\/old.mbf.fi\/index.php?rest_route=%2Fwp%2Fv2%2Fmedia&parent=1398"}],"curies":[{"name":"wp","href":"https:\/\/api.w.org\/{rel}","templated":true}]}}