{"id":1224,"date":"2016-02-03T15:41:54","date_gmt":"2016-02-03T13:41:54","guid":{"rendered":"http:\/\/mbf.fi:\/wordpress\/?page_id=1224"},"modified":"2022-08-12T23:18:26","modified_gmt":"2022-08-12T20:18:26","slug":"fm-19-20-3-2016","status":"publish","type":"page","link":"https:\/\/old.mbf.fi\/?page_id=1224","title":{"rendered":"FM 19-20.3.2016"},"content":{"rendered":"<p>[flagallery gid=34]<\/p>\n<p>MBF arrangerar FM 19-20 mars 2016. P\u00e5 den h\u00e4r sidan hittar ni inbjudan, tidtabell, lottningen samt resultaten an eftersom det blir klara. V\u00e4lkomna!<\/p>\n<p>MBF j\u00e4rjest\u00e4\u00e4 henkil\u00f6kohtaiset SM-kilpailut 19-20.3.2016. T\u00e4\u00e4lt\u00e4 l\u00f6yd\u00e4tte kilpailukutsun, ilmoittautuneet, arvonnat sek\u00e4 tulokset sit\u00e4 mukaan kun ne valmistuvat. Tervetuloa!<\/p>\n<p>MBF arranges the Finnish table tennis championships March 19th &#8211; 20th 2016. Here you will find the invitation, entries, draw and results as they are available. Welcome!<\/p>\n<p><a href=\"http:\/\/mbf.fi:\/wordpress\/wp-content\/uploads\/2016\/02\/Kilpailukutsu-SM-2016_v4.pdf\" target=\"_blank\" rel=\"noopener noreferrer\">Inbjudan \/ Kilpailukutsu \/ Invitation<\/a><\/p>\n<p><a href=\"http:\/\/mbf.fi:\/wordpress\/wp-content\/uploads\/2016\/03\/FM-2016-Deltagare_20160306_SPTL.xls\" target=\"_blank\" rel=\"noopener noreferrer\">Anm\u00e4lda \/ Ilmoittautuneet &nbsp;\/ Entries<\/a><\/p>\n<p><a href=\"http:\/\/mbf.fi:\/wordpress\/wp-content\/uploads\/2016\/03\/Tidtabell.pdf\" target=\"_blank\" rel=\"noopener noreferrer\">Tidtabell \/ Aikataulu \/ Schedule<\/a><\/p>\n<p><a href=\"http:\/\/mbf.fi:\/wordpress\/wp-content\/uploads\/2016\/03\/FM-2016-Lottning_SPTL.xls\" target=\"_blank\" rel=\"noopener noreferrer\">Lottning (xls) \/ Arvonta (xls) \/ Draw (xls)<\/a><\/p>\n<p><a href=\"http:\/\/mbf.fi:\/wordpress\/wp-content\/uploads\/2016\/03\/FM-2016-Lottning_SPTL.pdf\" target=\"_blank\" rel=\"noopener noreferrer\">Lottning (pdf) \/ Arvonta (pdf) \/ Draw (pdf)<\/a><\/p>\n<p><strong><a href=\"http:\/\/mbf.fi:\/wordpress\/wp-content\/uploads\/2016\/03\/FM-2016-Resultat.xls\" target=\"_blank\" rel=\"noopener noreferrer\">Resultat \/ Tulokset \/ Results<\/a><\/strong><\/p>\n<p>&nbsp;<\/p>\n<p><strong>Video (by Asko Kilpi):<\/strong><\/p>\n<p><strong><a href=\"https:\/\/www.youtube.com\/watch?v=yKWqdME3jPE&amp;feature=share\" target=\"_blank\" rel=\"noopener noreferrer\">MK final (Olah &#8211; Kantola)<\/a><\/strong><\/p>\n<p><strong><a href=\"https:\/\/www.youtube.com\/watch?v=TzqPpPbgS4E\" target=\"_blank\" rel=\"noopener noreferrer\">SN final (Laane\/Luo &#8211; Soine\/Oksanen)<\/a><\/strong><\/p>\n<p><strong><a href=\"https:\/\/www.youtube.com\/watch?v=GCTlCJ9ovu4\" target=\"_blank\" rel=\"noopener noreferrer\">NN &nbsp;(Eriksson\/Luo &#8211; Kirichenko\/Oksanen)<\/a><\/strong><\/p>\n<p><strong><a href=\"https:\/\/youtu.be\/pYOx30F5nTQ\" target=\"_blank\" rel=\"noopener noreferrer\">MK forts\u00e4ttning<\/a><\/strong><\/p>\n","protected":false},"excerpt":{"rendered":"<p>[flagallery gid=34] MBF arrangerar FM 19-20 mars 2016. P\u00e5 den h\u00e4r sidan hittar ni inbjudan, tidtabell, lottningen samt resultaten an eftersom det blir klara. V\u00e4lkomna! MBF j\u00e4rjest\u00e4\u00e4 henkil\u00f6kohtaiset SM-kilpailut 19-20.3.2016. T\u00e4\u00e4lt\u00e4 l\u00f6yd\u00e4tte kilpailukutsun, ilmoittautuneet, arvonnat sek\u00e4 tulokset sit\u00e4 mukaan kun ne valmistuvat. Tervetuloa! MBF arranges the Finnish table tennis championships March 19th &#8211; 20th 2016. &hellip; <\/p>\n<p><a class=\"more-link btn\" href=\"https:\/\/old.mbf.fi\/?page_id=1224\">Continue reading<\/a><\/p>\n","protected":false},"author":2,"featured_media":0,"parent":253,"menu_order":90,"comment_status":"closed","ping_status":"closed","template":"","meta":{"footnotes":""},"class_list":["post-1224","page","type-page","status-publish","hentry","nodate","item-wrap"],"_links":{"self":[{"href":"https:\/\/old.mbf.fi\/index.php?rest_route=\/wp\/v2\/pages\/1224","targetHints":{"allow":["GET"]}}],"collection":[{"href":"https:\/\/old.mbf.fi\/index.php?rest_route=\/wp\/v2\/pages"}],"about":[{"href":"https:\/\/old.mbf.fi\/index.php?rest_route=\/wp\/v2\/types\/page"}],"author":[{"embeddable":true,"href":"https:\/\/old.mbf.fi\/index.php?rest_route=\/wp\/v2\/users\/2"}],"replies":[{"embeddable":true,"href":"https:\/\/old.mbf.fi\/index.php?rest_route=%2Fwp%2Fv2%2Fcomments&post=1224"}],"version-history":[{"count":18,"href":"https:\/\/old.mbf.fi\/index.php?rest_route=\/wp\/v2\/pages\/1224\/revisions"}],"predecessor-version":[{"id":1694,"href":"https:\/\/old.mbf.fi\/index.php?rest_route=\/wp\/v2\/pages\/1224\/revisions\/1694"}],"up":[{"embeddable":true,"href":"https:\/\/old.mbf.fi\/index.php?rest_route=\/wp\/v2\/pages\/253"}],"wp:attachment":[{"href":"https:\/\/old.mbf.fi\/index.php?rest_route=%2Fwp%2Fv2%2Fmedia&parent=1224"}],"curies":[{"name":"wp","href":"https:\/\/api.w.org\/{rel}","templated":true}]}}