{"id":1072,"date":"2015-01-21T14:29:34","date_gmt":"2015-01-21T12:29:34","guid":{"rendered":"http:\/\/mbf.fi:\/wordpress\/?page_id=1072"},"modified":"2015-03-23T18:16:47","modified_gmt":"2015-03-23T16:16:47","slug":"junior-fm-21-22-3-2015","status":"publish","type":"page","link":"https:\/\/old.mbf.fi\/?page_id=1072","title":{"rendered":"Junior FM 21-22.3.2015"},"content":{"rendered":"<p><a href=\"http:\/\/mbf.fi:\/wordpress\/wp-content\/uploads\/2015\/03\/Juniori-SM-2015_Tulokset.xls\" target=\"_blank\">H\u00e4r <\/a>har ni de fullst\u00e4ndiga resultaten fr\u00e5n Junior FM.<\/p>\n<p><a href=\"http:\/\/mbf.fi:\/wordpress\/wp-content\/uploads\/2015\/03\/Juniori-SM-2015_Tulokset.xls\" target=\"_blank\">T\u00e4\u00e4lt\u00e4 <\/a>l\u00f6yd\u00e4tte t\u00e4ydelliset tulokset\u00a0Juniori SM:st\u00e4.<\/p>\n<p><a href=\"http:\/\/mbf.fi:\/wordpress\/wp-content\/uploads\/2015\/03\/Juniori-SM-2015_Tulokset.xls\" target=\"_blank\">Here <\/a>you have the complete results from the Junior FC.<\/p>\n<p>[flagallery gid=31]<\/p>\n<p>********************************<\/p>\n<p><a href=\"http:\/\/mbf.fi:\/wordpress\/wp-content\/uploads\/2015\/03\/Juniori-SM-2015_Aikataulu.pdf\" target=\"_blank\">Tidtabellen<\/a> och <a href=\"http:\/\/mbf.fi:\/wordpress\/wp-content\/uploads\/2015\/03\/Juniori-SM-2015_Arvonta_PUBLIC.xls\" target=\"_blank\">lottningen<\/a> f\u00f6r Junior-FM \u00e4r nu publicerade.<\/p>\n<p>Juniori-SM kilpailujen <a href=\"http:\/\/mbf.fi:\/wordpress\/wp-content\/uploads\/2015\/03\/Juniori-SM-2015_Aikataulu.pdf\" target=\"_blank\">aikataulu<\/a> ja <a href=\"http:\/\/mbf.fi:\/wordpress\/wp-content\/uploads\/2015\/03\/Juniori-SM-2015_Arvonta_PUBLIC.xls\" target=\"_blank\">arvonta<\/a> on nyt julkistettu.<\/p>\n<p>The <a href=\"http:\/\/mbf.fi:\/wordpress\/wp-content\/uploads\/2015\/03\/Juniori-SM-2015_Arvonta_PUBLIC.xls\" target=\"_blank\">draw<\/a> and <a href=\"http:\/\/mbf.fi:\/wordpress\/wp-content\/uploads\/2015\/03\/Juniori-SM-2015_Aikataulu.pdf\" target=\"_blank\">time table<\/a> for the Junior FC are now public.<\/p>\n<p>********************************<\/p>\n<p>MBF arrangerar finska m\u00e4sterskap f\u00f6r juniorer 21-22.3.2015 i Brunak\u00e4rr. <a href=\"http:\/\/mbf.fi:\/wordpress\/wp-content\/uploads\/2015\/01\/MBF-junior-SM-2015-kutsu.pdf\" target=\"_blank\">Inbjudan hittar ni h\u00e4r<\/a>. <strong>Sista anm\u00e4lningsdagen \u00e4r 6.3.2015<\/strong>. Finska m\u00e4stare kronas i f\u00f6ljande klasser:<\/p>\n<p>pojkar-13 singel, dubbel &amp; lag<\/p>\n<p>flickor-13 singel, dubbel &amp; lag<\/p>\n<p>pojkar-15 singel, dubbel &amp; lag<\/p>\n<p>flickor-15 singel, dubbel &amp; lag<\/p>\n<p>MBF j\u00e4rjest\u00e4\u00e4 Suomen mestaruuskilpailut junioreille 21-22.3.2015 Ruskeasuolla. <a href=\"http:\/\/mbf.fi:\/wordpress\/wp-content\/uploads\/2015\/01\/MBF-junior-SM-2015-kutsu.pdf\" target=\"_blank\">T\u00e4\u00e4lt\u00e4 l\u00f6yd\u00e4tte kilpailukutsun<\/a>.<strong>Viimeinen ilmoittautumisp\u00e4iv\u00e4 on 6.3.2015<\/strong>.<\/p>\n<p>MBF arranges the Finnish championships for juniors on March 21st\u00a0\u2013 22nd\u00a0in Ruskeasuo. <a href=\"http:\/\/mbf.fi:\/wordpress\/wp-content\/uploads\/2015\/01\/MBF-junior-SM-2015-kutsu.pdf\" target=\"_blank\">Here you can find the invitation<\/a>. <strong>The last date for entries is March\u00a06th 2015<\/strong>.<\/p>\n<p>V\u00e4lkomna! Tervetuloa! Welcome!<\/p>\n<p>********************************<\/p>\n","protected":false},"excerpt":{"rendered":"<p>H\u00e4r har ni de fullst\u00e4ndiga resultaten fr\u00e5n Junior FM. T\u00e4\u00e4lt\u00e4 l\u00f6yd\u00e4tte t\u00e4ydelliset tulokset\u00a0Juniori SM:st\u00e4. Here you have the complete results from the Junior FC. [flagallery gid=31] ******************************** Tidtabellen och lottningen f\u00f6r Junior-FM \u00e4r nu publicerade. Juniori-SM kilpailujen aikataulu ja arvonta on nyt julkistettu. The draw and time table for the Junior FC are now public. &hellip; <\/p>\n<p><a class=\"more-link btn\" href=\"https:\/\/old.mbf.fi\/?page_id=1072\">Continue reading<\/a><\/p>\n","protected":false},"author":2,"featured_media":0,"parent":253,"menu_order":94,"comment_status":"open","ping_status":"open","template":"","meta":{"footnotes":""},"class_list":["post-1072","page","type-page","status-publish","hentry","nodate","item-wrap"],"_links":{"self":[{"href":"https:\/\/old.mbf.fi\/index.php?rest_route=\/wp\/v2\/pages\/1072","targetHints":{"allow":["GET"]}}],"collection":[{"href":"https:\/\/old.mbf.fi\/index.php?rest_route=\/wp\/v2\/pages"}],"about":[{"href":"https:\/\/old.mbf.fi\/index.php?rest_route=\/wp\/v2\/types\/page"}],"author":[{"embeddable":true,"href":"https:\/\/old.mbf.fi\/index.php?rest_route=\/wp\/v2\/users\/2"}],"replies":[{"embeddable":true,"href":"https:\/\/old.mbf.fi\/index.php?rest_route=%2Fwp%2Fv2%2Fcomments&post=1072"}],"version-history":[{"count":9,"href":"https:\/\/old.mbf.fi\/index.php?rest_route=\/wp\/v2\/pages\/1072\/revisions"}],"predecessor-version":[{"id":1123,"href":"https:\/\/old.mbf.fi\/index.php?rest_route=\/wp\/v2\/pages\/1072\/revisions\/1123"}],"up":[{"embeddable":true,"href":"https:\/\/old.mbf.fi\/index.php?rest_route=\/wp\/v2\/pages\/253"}],"wp:attachment":[{"href":"https:\/\/old.mbf.fi\/index.php?rest_route=%2Fwp%2Fv2%2Fmedia&parent=1072"}],"curies":[{"name":"wp","href":"https:\/\/api.w.org\/{rel}","templated":true}]}}